{"id":535,"date":"2025-11-12T14:31:56","date_gmt":"2025-11-12T17:31:56","guid":{"rendered":"https:\/\/epiurb.leauc.iau.usp.br\/?page_id=535"},"modified":"2026-05-01T11:18:50","modified_gmt":"2026-05-01T14:18:50","slug":"publicacoes","status":"publish","type":"page","link":"https:\/\/epiurb.leauc.iau.usp.br\/es\/publicacoes\/","title":{"rendered":"Publicaciones"},"content":{"rendered":"<div class=\"wp-block-cover alignfull is-light wp-duotone-unset-2\" style=\"padding-top:var(--wp--preset--spacing--30);padding-right:var(--wp--preset--spacing--30);padding-bottom:var(--wp--preset--spacing--30);padding-left:var(--wp--preset--spacing--30);min-height:124px;aspect-ratio:unset;\"><img loading=\"lazy\" decoding=\"async\" width=\"1024\" height=\"197\" class=\"wp-block-cover__image-background wp-image-2049 size-large\" alt=\"\" src=\"https:\/\/epiurb.leauc.iau.usp.br\/wp-content\/uploads\/2026\/01\/cabecalho-1024x197.png\" data-object-fit=\"cover\" srcset=\"https:\/\/epiurb.leauc.iau.usp.br\/wp-content\/uploads\/2026\/01\/cabecalho-1024x197.png 1024w, https:\/\/epiurb.leauc.iau.usp.br\/wp-content\/uploads\/2026\/01\/cabecalho-300x58.png 300w, https:\/\/epiurb.leauc.iau.usp.br\/wp-content\/uploads\/2026\/01\/cabecalho-768x148.png 768w, https:\/\/epiurb.leauc.iau.usp.br\/wp-content\/uploads\/2026\/01\/cabecalho-1536x295.png 1536w, https:\/\/epiurb.leauc.iau.usp.br\/wp-content\/uploads\/2026\/01\/cabecalho-2048x394.png 2048w, https:\/\/epiurb.leauc.iau.usp.br\/wp-content\/uploads\/2026\/01\/cabecalho-1140x219.png 1140w\" sizes=\"auto, (max-width: 1024px) 100vw, 1024px\" \/><span aria-hidden=\"true\" class=\"wp-block-cover__background has-black-background-color has-background-dim-10 has-background-dim\"><\/span><div class=\"wp-block-cover__inner-container is-layout-flow wp-block-cover-is-layout-flow\">\n<div class=\"wp-block-group alignwide has-base-color has-text-color has-link-color wp-elements-0e96fff9e086c2dd9d7754144667cd17 is-content-justification-space-between is-layout-flex wp-container-core-group-is-layout-10d17ff1 wp-block-group-is-layout-flex\" style=\"margin-top:0;margin-bottom:0\">\n<div class=\"wp-block-columns is-layout-flex wp-container-core-columns-is-layout-28f84493 wp-block-columns-is-layout-flex\">\n<div class=\"wp-block-column is-layout-flow wp-block-column-is-layout-flow\"><\/div>\n\n\n\n<div class=\"wp-block-column is-layout-flow wp-block-column-is-layout-flow\"><\/div>\n<\/div>\n<\/div>\n\n\n\n<div class=\"wp-block-columns is-layout-flex wp-container-core-columns-is-layout-28f84493 wp-block-columns-is-layout-flex\">\n<div class=\"wp-block-column is-layout-flow wp-block-column-is-layout-flow\" style=\"flex-basis:5%\"><\/div>\n\n\n\n<div class=\"wp-block-column is-layout-flow wp-block-column-is-layout-flow\"><nav class=\"has-text-color has-white-color is-responsive items-justified-left wp-block-navigation is-content-justification-left is-layout-flex wp-container-core-navigation-is-layout-8eed085e wp-block-navigation-is-layout-flex\" aria-label=\"Menu 4\" \n\t\t data-wp-interactive=\"core\/navigation\" data-wp-context='{\"overlayOpenedBy\":{\"click\":false,\"hover\":false,\"focus\":false},\"type\":\"overlay\",\"roleAttribute\":\"\",\"ariaLabel\":\"Men\\u00fa\"}'><button aria-haspopup=\"dialog\" aria-label=\"Abrir el men\u00fa\" class=\"wp-block-navigation__responsive-container-open\" \n\t\t\t\tdata-wp-on--click=\"actions.openMenuOnClick\"\n\t\t\t\tdata-wp-on--keydown=\"actions.handleMenuKeydown\"\n\t\t\t><svg width=\"24\" height=\"24\" xmlns=\"http:\/\/www.w3.org\/2000\/svg\" viewbox=\"0 0 24 24\" aria-hidden=\"true\" focusable=\"false\"><path d=\"M4 7.5h16v1.5H4z\"><\/path><path d=\"M4 15h16v1.5H4z\"><\/path><\/svg><\/button>\n\t\t\t\t<div class=\"wp-block-navigation__responsive-container\"  id=\"modal-1\" \n\t\t\t\tdata-wp-class--has-modal-open=\"state.isMenuOpen\"\n\t\t\t\tdata-wp-class--is-menu-open=\"state.isMenuOpen\"\n\t\t\t\tdata-wp-watch=\"callbacks.initMenu\"\n\t\t\t\tdata-wp-on--keydown=\"actions.handleMenuKeydown\"\n\t\t\t\tdata-wp-on--focusout=\"actions.handleMenuFocusout\"\n\t\t\t\ttabindex=\"-1\"\n\t\t\t>\n\t\t\t\t\t<div class=\"wp-block-navigation__responsive-close\" tabindex=\"-1\">\n\t\t\t\t\t\t<div class=\"wp-block-navigation__responsive-dialog\" \n\t\t\t\tdata-wp-bind--aria-modal=\"state.ariaModal\"\n\t\t\t\tdata-wp-bind--aria-label=\"state.ariaLabel\"\n\t\t\t\tdata-wp-bind--role=\"state.roleAttribute\"\n\t\t\t>\n\t\t\t\t\t\t\t<button aria-label=\"Cerrar el men\u00fa\" class=\"wp-block-navigation__responsive-container-close\" \n\t\t\t\tdata-wp-on--click=\"actions.closeMenuOnClick\"\n\t\t\t><svg xmlns=\"http:\/\/www.w3.org\/2000\/svg\" viewbox=\"0 0 24 24\" width=\"24\" height=\"24\" aria-hidden=\"true\" focusable=\"false\"><path d=\"m13.06 12 6.47-6.47-1.06-1.06L12 10.94 5.53 4.47 4.47 5.53 10.94 12l-6.47 6.47 1.06 1.06L12 13.06l6.47 6.47 1.06-1.06L13.06 12Z\"><\/path><\/svg><\/button>\n\t\t\t\t\t\t\t<div class=\"wp-block-navigation__responsive-container-content\" \n\t\t\t\tdata-wp-watch=\"callbacks.focusFirstElement\"\n\t\t\t id=\"modal-1-content\">\n\t\t\t\t\t\t\t\t<ul class=\"wp-block-navigation__container has-text-color has-white-color is-responsive items-justified-left wp-block-navigation\"><li style=\"font-size:16px;\" class=\"wp-block-navigation-item wp-block-navigation-link\"><a class=\"wp-block-navigation-item__content\"  href=\"https:\/\/epiurb.leauc.iau.usp.br\/es\/produtos\/\"><span class=\"wp-block-navigation-item__label\"><strong><em><sub><span style=\"text-decoration: underline\">Productos<\/span><\/sub><\/em><\/strong><\/span><\/a><\/li><li style=\"font-size:16px;\" class=\"wp-block-navigation-item wp-block-navigation-link\"><a class=\"wp-block-navigation-item__content\"  href=\"https:\/\/epiurb.leauc.iau.usp.br\/es\/cartografias\/\"><span class=\"wp-block-navigation-item__label\"><strong><em><sub><span style=\"text-decoration: underline\">Cartografias<\/span><\/sub><\/em><\/strong><\/span><\/a><\/li><li style=\"font-size:16px;\" class=\"wp-block-navigation-item wp-block-navigation-link\"><a class=\"wp-block-navigation-item__content\"  href=\"https:\/\/epiurb.leauc.iau.usp.br\/es\/publicacoes\/\"><span class=\"wp-block-navigation-item__label\"><strong><em><sub><span style=\"text-decoration: underline\">Publicaciones<\/span><\/sub><\/em><\/strong><\/span><\/a><\/li><li style=\"font-size:16px;\" class=\"wp-block-navigation-item wp-block-navigation-link\"><a class=\"wp-block-navigation-item__content\"  href=\"https:\/\/epiurb.leauc.iau.usp.br\/es\/videos\/\"><span class=\"wp-block-navigation-item__label\"><sub><strong><em><span style=\"text-decoration: underline\">Videos<\/span><\/em><\/strong><\/sub><\/span><\/a><\/li><li style=\"font-size:16px;\" class=\"wp-block-navigation-item wp-block-navigation-link\"><a class=\"wp-block-navigation-item__content\"  href=\"https:\/\/epiurb.leauc.iau.usp.br\/es\/diagramas\/\"><span class=\"wp-block-navigation-item__label\"><strong><em><sub><span style=\"text-decoration: underline\">Diagramas<\/span><\/sub><\/em><\/strong><\/span><\/a><\/li><\/ul>\n\t\t\t\t\t\t\t<\/div>\n\t\t\t\t\t\t<\/div>\n\t\t\t\t\t<\/div>\n\t\t\t\t<\/div><\/nav><\/div>\n<\/div>\n<\/div><\/div>\n\n\n\n<div class=\"wp-block-columns is-layout-flex wp-container-core-columns-is-layout-28f84493 wp-block-columns-is-layout-flex\">\n<div class=\"wp-block-column is-layout-flow wp-block-column-is-layout-flow\" style=\"flex-basis:7%\"><\/div>\n\n\n\n<div class=\"wp-block-column is-layout-flow wp-block-column-is-layout-flow\" style=\"flex-basis:66.66%\">\n<p><\/p>\n\n\n\n<div class=\"wp-block-group is-vertical is-layout-flex wp-container-core-group-is-layout-fe9cc265 wp-block-group-is-layout-flex\">\n<p>Esta fase est\u00e1 en desarrollo. \u00a1Pr\u00f3ximamente habr\u00e1 m\u00e1s novedades!<\/p>\n\n\n\n<p><strong><a href=\"https:\/\/epiurb.leauc.iau.usp.br\/es\/produtos\/\" data-type=\"link\" data-id=\"https:\/\/epiurb.leauc.iau.usp.br\/produtos\/\">volver.<\/a><\/strong><\/p>\n<\/div>\n<\/div>\n<\/div>\n\n\n\n<figure class=\"wp-block-image size-full\"><img loading=\"lazy\" decoding=\"async\" width=\"408\" height=\"654\" src=\"https:\/\/epiurb.leauc.iau.usp.br\/wp-content\/uploads\/2026\/04\/image-1.png\" alt=\"\" class=\"wp-image-4650\" srcset=\"https:\/\/epiurb.leauc.iau.usp.br\/wp-content\/uploads\/2026\/04\/image-1.png 408w, https:\/\/epiurb.leauc.iau.usp.br\/wp-content\/uploads\/2026\/04\/image-1-187x300.png 187w\" sizes=\"auto, (max-width: 408px) 100vw, 408px\" \/><\/figure>\n\n\n\n<p><\/p>\n\n\n\n<p><\/p>\n\n\n\n<p><\/p>\n\n\n\n<div class=\"wp-block-cover alignfull is-light\" style=\"padding-top:4vw;padding-right:4vw;padding-bottom:4vw;padding-left:4vw;min-height:186px;aspect-ratio:unset;\"><span aria-hidden=\"true\" class=\"wp-block-cover__background has-background-dim-10 has-background-dim has-background-gradient has-very-light-gray-to-cyan-bluish-gray-gradient-background\"><\/span><div class=\"wp-block-cover__inner-container is-layout-flow wp-block-cover-is-layout-flow\">\n<div class=\"wp-block-group is-content-justification-center is-nowrap is-layout-flex wp-container-core-group-is-layout-caafac71 wp-block-group-is-layout-flex\">\n<figure class=\"wp-block-image size-full\"><img loading=\"lazy\" decoding=\"async\" width=\"1200\" height=\"300\" src=\"https:\/\/epiurb.leauc.iau.usp.br\/wp-content\/uploads\/2026\/05\/logos-21.png\" alt=\"\" class=\"wp-image-6425\" srcset=\"https:\/\/epiurb.leauc.iau.usp.br\/wp-content\/uploads\/2026\/05\/logos-21.png 1200w, https:\/\/epiurb.leauc.iau.usp.br\/wp-content\/uploads\/2026\/05\/logos-21-300x75.png 300w, https:\/\/epiurb.leauc.iau.usp.br\/wp-content\/uploads\/2026\/05\/logos-21-1024x256.png 1024w, https:\/\/epiurb.leauc.iau.usp.br\/wp-content\/uploads\/2026\/05\/logos-21-768x192.png 768w, https:\/\/epiurb.leauc.iau.usp.br\/wp-content\/uploads\/2026\/05\/logos-21-1140x285.png 1140w\" sizes=\"auto, (max-width: 1200px) 100vw, 1200px\" \/><\/figure>\n\n\n\n<figure class=\"wp-block-image size-large\"><img loading=\"lazy\" decoding=\"async\" width=\"1024\" height=\"256\" src=\"https:\/\/epiurb.leauc.iau.usp.br\/wp-content\/uploads\/2026\/05\/logos-25-1024x256.png\" alt=\"\" class=\"wp-image-6429\" srcset=\"https:\/\/epiurb.leauc.iau.usp.br\/wp-content\/uploads\/2026\/05\/logos-25-1024x256.png 1024w, https:\/\/epiurb.leauc.iau.usp.br\/wp-content\/uploads\/2026\/05\/logos-25-300x75.png 300w, https:\/\/epiurb.leauc.iau.usp.br\/wp-content\/uploads\/2026\/05\/logos-25-768x192.png 768w, https:\/\/epiurb.leauc.iau.usp.br\/wp-content\/uploads\/2026\/05\/logos-25-1140x285.png 1140w, https:\/\/epiurb.leauc.iau.usp.br\/wp-content\/uploads\/2026\/05\/logos-25.png 1200w\" sizes=\"auto, (max-width: 1024px) 100vw, 1024px\" \/><\/figure>\n\n\n\n<figure class=\"wp-block-image size-full\"><img loading=\"lazy\" decoding=\"async\" width=\"1200\" height=\"300\" src=\"https:\/\/epiurb.leauc.iau.usp.br\/wp-content\/uploads\/2026\/05\/logos-22.png\" alt=\"\" class=\"wp-image-6424\" srcset=\"https:\/\/epiurb.leauc.iau.usp.br\/wp-content\/uploads\/2026\/05\/logos-22.png 1200w, https:\/\/epiurb.leauc.iau.usp.br\/wp-content\/uploads\/2026\/05\/logos-22-300x75.png 300w, https:\/\/epiurb.leauc.iau.usp.br\/wp-content\/uploads\/2026\/05\/logos-22-1024x256.png 1024w, https:\/\/epiurb.leauc.iau.usp.br\/wp-content\/uploads\/2026\/05\/logos-22-768x192.png 768w, https:\/\/epiurb.leauc.iau.usp.br\/wp-content\/uploads\/2026\/05\/logos-22-1140x285.png 1140w\" sizes=\"auto, (max-width: 1200px) 100vw, 1200px\" \/><\/figure>\n<\/div>\n<\/div><\/div>","protected":false},"excerpt":{"rendered":"<p>Etapa em desenvolvimento. Mais novidades em breve! voltar.<\/p>","protected":false},"author":2,"featured_media":0,"parent":0,"menu_order":0,"comment_status":"closed","ping_status":"closed","template":"","meta":{"_monsterinsights_skip_tracking":false,"_monsterinsights_sitenote_active":false,"_monsterinsights_sitenote_note":"","_monsterinsights_sitenote_category":0,"footnotes":""},"class_list":["post-535","page","type-page","status-publish","hentry"],"_links":{"self":[{"href":"https:\/\/epiurb.leauc.iau.usp.br\/es\/wp-json\/wp\/v2\/pages\/535","targetHints":{"allow":["GET"]}}],"collection":[{"href":"https:\/\/epiurb.leauc.iau.usp.br\/es\/wp-json\/wp\/v2\/pages"}],"about":[{"href":"https:\/\/epiurb.leauc.iau.usp.br\/es\/wp-json\/wp\/v2\/types\/page"}],"author":[{"embeddable":true,"href":"https:\/\/epiurb.leauc.iau.usp.br\/es\/wp-json\/wp\/v2\/users\/2"}],"replies":[{"embeddable":true,"href":"https:\/\/epiurb.leauc.iau.usp.br\/es\/wp-json\/wp\/v2\/comments?post=535"}],"version-history":[{"count":11,"href":"https:\/\/epiurb.leauc.iau.usp.br\/es\/wp-json\/wp\/v2\/pages\/535\/revisions"}],"predecessor-version":[{"id":6438,"href":"https:\/\/epiurb.leauc.iau.usp.br\/es\/wp-json\/wp\/v2\/pages\/535\/revisions\/6438"}],"wp:attachment":[{"href":"https:\/\/epiurb.leauc.iau.usp.br\/es\/wp-json\/wp\/v2\/media?parent=535"}],"curies":[{"name":"wp","href":"https:\/\/api.w.org\/{rel}","templated":true}]}}