{"id":436,"date":"2025-11-12T09:05:19","date_gmt":"2025-11-12T12:05:19","guid":{"rendered":"https:\/\/epiurb.leauc.iau.usp.br\/?page_id=436"},"modified":"2026-05-03T19:36:23","modified_gmt":"2026-05-03T22:36:23","slug":"quemsomos","status":"publish","type":"page","link":"https:\/\/epiurb.leauc.iau.usp.br\/es\/quemsomos\/","title":{"rendered":"\u00bfQui\u00e9nes somos?"},"content":{"rendered":"<div class=\"wp-block-cover alignfull is-light wp-duotone-unset-2\" style=\"padding-top:var(--wp--preset--spacing--30);padding-right:var(--wp--preset--spacing--30);padding-bottom:var(--wp--preset--spacing--30);padding-left:var(--wp--preset--spacing--30);min-height:124px;aspect-ratio:unset;\"><img loading=\"lazy\" decoding=\"async\" width=\"1024\" height=\"197\" class=\"wp-block-cover__image-background wp-image-2049 size-large\" alt=\"\" src=\"https:\/\/epiurb.leauc.iau.usp.br\/wp-content\/uploads\/2026\/01\/cabecalho-1024x197.png\" data-object-fit=\"cover\" srcset=\"https:\/\/epiurb.leauc.iau.usp.br\/wp-content\/uploads\/2026\/01\/cabecalho-1024x197.png 1024w, https:\/\/epiurb.leauc.iau.usp.br\/wp-content\/uploads\/2026\/01\/cabecalho-300x58.png 300w, https:\/\/epiurb.leauc.iau.usp.br\/wp-content\/uploads\/2026\/01\/cabecalho-768x148.png 768w, https:\/\/epiurb.leauc.iau.usp.br\/wp-content\/uploads\/2026\/01\/cabecalho-1536x295.png 1536w, https:\/\/epiurb.leauc.iau.usp.br\/wp-content\/uploads\/2026\/01\/cabecalho-2048x394.png 2048w, https:\/\/epiurb.leauc.iau.usp.br\/wp-content\/uploads\/2026\/01\/cabecalho-1140x219.png 1140w\" sizes=\"auto, (max-width: 1024px) 100vw, 1024px\" \/><span aria-hidden=\"true\" class=\"wp-block-cover__background has-black-background-color has-background-dim-10 has-background-dim\"><\/span><div class=\"wp-block-cover__inner-container is-layout-flow wp-block-cover-is-layout-flow\">\n<div class=\"wp-block-group alignwide has-base-color has-text-color has-link-color wp-elements-de71cd13ba88eecd11596d3bebec1ca5 is-content-justification-space-between is-layout-flex wp-container-core-group-is-layout-10d17ff1 wp-block-group-is-layout-flex\" style=\"margin-top:0;margin-bottom:0\"><nav class=\"has-text-color has-white-color is-responsive items-justified-right wp-block-navigation is-content-justification-right is-layout-flex wp-container-core-navigation-is-layout-f665d2b5 wp-block-navigation-is-layout-flex\" aria-label=\"Menu 5\" \n\t\t data-wp-interactive=\"core\/navigation\" data-wp-context='{\"overlayOpenedBy\":{\"click\":false,\"hover\":false,\"focus\":false},\"type\":\"overlay\",\"roleAttribute\":\"\",\"ariaLabel\":\"Men\\u00fa\"}'><button aria-haspopup=\"dialog\" aria-label=\"Abrir el men\u00fa\" class=\"wp-block-navigation__responsive-container-open\" \n\t\t\t\tdata-wp-on--click=\"actions.openMenuOnClick\"\n\t\t\t\tdata-wp-on--keydown=\"actions.handleMenuKeydown\"\n\t\t\t><svg width=\"24\" height=\"24\" xmlns=\"http:\/\/www.w3.org\/2000\/svg\" viewbox=\"0 0 24 24\" aria-hidden=\"true\" focusable=\"false\"><path d=\"M4 7.5h16v1.5H4z\"><\/path><path d=\"M4 15h16v1.5H4z\"><\/path><\/svg><\/button>\n\t\t\t\t<div class=\"wp-block-navigation__responsive-container\"  id=\"modal-1\" \n\t\t\t\tdata-wp-class--has-modal-open=\"state.isMenuOpen\"\n\t\t\t\tdata-wp-class--is-menu-open=\"state.isMenuOpen\"\n\t\t\t\tdata-wp-watch=\"callbacks.initMenu\"\n\t\t\t\tdata-wp-on--keydown=\"actions.handleMenuKeydown\"\n\t\t\t\tdata-wp-on--focusout=\"actions.handleMenuFocusout\"\n\t\t\t\ttabindex=\"-1\"\n\t\t\t>\n\t\t\t\t\t<div class=\"wp-block-navigation__responsive-close\" tabindex=\"-1\">\n\t\t\t\t\t\t<div class=\"wp-block-navigation__responsive-dialog\" \n\t\t\t\tdata-wp-bind--aria-modal=\"state.ariaModal\"\n\t\t\t\tdata-wp-bind--aria-label=\"state.ariaLabel\"\n\t\t\t\tdata-wp-bind--role=\"state.roleAttribute\"\n\t\t\t>\n\t\t\t\t\t\t\t<button aria-label=\"Cerrar el men\u00fa\" class=\"wp-block-navigation__responsive-container-close\" \n\t\t\t\tdata-wp-on--click=\"actions.closeMenuOnClick\"\n\t\t\t><svg xmlns=\"http:\/\/www.w3.org\/2000\/svg\" viewbox=\"0 0 24 24\" width=\"24\" height=\"24\" aria-hidden=\"true\" focusable=\"false\"><path d=\"m13.06 12 6.47-6.47-1.06-1.06L12 10.94 5.53 4.47 4.47 5.53 10.94 12l-6.47 6.47 1.06 1.06L12 13.06l6.47 6.47 1.06-1.06L13.06 12Z\"><\/path><\/svg><\/button>\n\t\t\t\t\t\t\t<div class=\"wp-block-navigation__responsive-container-content\" \n\t\t\t\tdata-wp-watch=\"callbacks.focusFirstElement\"\n\t\t\t id=\"modal-1-content\">\n\t\t\t\t\t\t\t\t\n\t\t\t\t\t\t\t<\/div>\n\t\t\t\t\t\t<\/div>\n\t\t\t\t\t<\/div>\n\t\t\t\t<\/div><\/nav><\/div>\n<\/div><\/div>\n\n\n\n<p><\/p>\n\n\n\n<div class=\"wp-block-group is-vertical is-layout-flex wp-container-core-group-is-layout-fe9cc265 wp-block-group-is-layout-flex\">\n<div class=\"wp-block-group is-vertical is-layout-flex wp-container-core-group-is-layout-fe9cc265 wp-block-group-is-layout-flex\">\n<div class=\"wp-block-group is-vertical is-layout-flex wp-container-core-group-is-layout-fe9cc265 wp-block-group-is-layout-flex\">\n<div class=\"wp-block-group is-vertical is-layout-flex wp-container-core-group-is-layout-fe9cc265 wp-block-group-is-layout-flex\">\n<div class=\"wp-block-columns is-layout-flex wp-container-core-columns-is-layout-28f84493 wp-block-columns-is-layout-flex\">\n<div class=\"wp-block-column is-layout-flow wp-block-column-is-layout-flow\" style=\"flex-basis:22%\"><\/div>\n\n\n\n<div class=\"wp-block-column is-layout-flow wp-block-column-is-layout-flow\" style=\"flex-basis:90%\"><h5 style=\"font-style:normal;font-weight:700;\" class=\"wp-block-post-title has-large-font-size\"><a href=\"https:\/\/epiurb.leauc.iau.usp.br\/es\/quemsomos\/\" target=\"_self\" >\u00bfQui\u00e9nes somos?<\/a><\/h5>\n\n\n<p>El proyecto EPIURB re\u00fane a investigadores, profesores y estudiantes de diferentes instituciones acad\u00e9micas, unidos por una agenda cr\u00edtica com\u00fan sobre la ciudad contempor\u00e1nea. El equipo del proyecto tiene su sede principal en el Instituto de Arquitectura y Urbanismo de la Universidad de S\u00e3o Paulo (IAU-USP), sede del Laboratorio de Estudios del Entorno Urbano Contempor\u00e1neo (LEAUC). Desde este n\u00facleo, establece conexiones con la Escuela T\u00e9cnica Superior de Arquitectura de la Universidad de Sevilla (ETSA-Sevilla), la Facultad de Arquitectura, Dise\u00f1o y Urbanismo de la Universidad Nacional del Litoral (FADU) y la Facultad de Arquitectura y Urbanismo de la Universidad de Brasilia (UNB), conformando una red de colaboraci\u00f3n acad\u00e9mica que fortalece los di\u00e1logos interinstitucionales.<\/p>\n\n\n\n<p><\/p>\n\n\n\n<div class=\"wp-block-group\" style=\"border-style:none;border-width:0px;margin-top:0;margin-bottom:0\"><div class=\"wp-block-group__inner-container is-layout-constrained wp-container-core-group-is-layout-be04af43 wp-block-group-is-layout-constrained\">\n<figure class=\"wp-block-gallery has-nested-images columns-7 is-cropped wp-block-gallery-16 is-layout-flex wp-block-gallery-is-layout-flex\">\n<figure class=\"wp-block-image size-large wp-duotone-unset-3\"><a href=\"https:\/\/epiurb.leauc.iau.usp.br\/es\/2026\/03\/07\/barbara-guazzelli\/\"><img loading=\"lazy\" decoding=\"async\" width=\"1024\" height=\"1024\" data-id=\"1347\" src=\"https:\/\/epiurb.leauc.iau.usp.br\/wp-content\/uploads\/2025\/11\/Barbara_Guazzelli_Enviada-em-28.03.22-1024x1024.jpeg\" alt=\"\" class=\"wp-image-1347\" style=\"aspect-ratio:1\" srcset=\"https:\/\/epiurb.leauc.iau.usp.br\/wp-content\/uploads\/2025\/11\/Barbara_Guazzelli_Enviada-em-28.03.22-1024x1024.jpeg 1024w, https:\/\/epiurb.leauc.iau.usp.br\/wp-content\/uploads\/2025\/11\/Barbara_Guazzelli_Enviada-em-28.03.22-300x300.jpeg 300w, https:\/\/epiurb.leauc.iau.usp.br\/wp-content\/uploads\/2025\/11\/Barbara_Guazzelli_Enviada-em-28.03.22-150x150.jpeg 150w, https:\/\/epiurb.leauc.iau.usp.br\/wp-content\/uploads\/2025\/11\/Barbara_Guazzelli_Enviada-em-28.03.22-768x768.jpeg 768w, https:\/\/epiurb.leauc.iau.usp.br\/wp-content\/uploads\/2025\/11\/Barbara_Guazzelli_Enviada-em-28.03.22-1536x1536.jpeg 1536w, https:\/\/epiurb.leauc.iau.usp.br\/wp-content\/uploads\/2025\/11\/Barbara_Guazzelli_Enviada-em-28.03.22-1140x1140.jpeg 1140w, https:\/\/epiurb.leauc.iau.usp.br\/wp-content\/uploads\/2025\/11\/Barbara_Guazzelli_Enviada-em-28.03.22-75x75.jpeg 75w, https:\/\/epiurb.leauc.iau.usp.br\/wp-content\/uploads\/2025\/11\/Barbara_Guazzelli_Enviada-em-28.03.22.jpeg 1600w\" sizes=\"auto, (max-width: 1024px) 100vw, 1024px\" \/><\/a><figcaption class=\"wp-element-caption\"><sub>B\u00e1rbara Guazzelli<\/sub><\/figcaption><\/figure>\n\n\n\n<figure class=\"wp-block-image wp-duotone-000000-00000038-4\"><a href=\"https:\/\/epiurb.leauc.iau.usp.br\/es\/2026\/03\/07\/barbara-scudeller\/\"><img decoding=\"async\" src=\"https:\/\/www.iau.usp.br\/pesquisa\/grupos\/leauc\/wp-content\/uploads\/2025\/11\/WhatsApp-Image-2025-11-19-at-14.28.50-300x300.jpeg\" alt=\"\" style=\"aspect-ratio:1\"\/><\/a><figcaption class=\"wp-element-caption\"><sub>B\u00e1rbara Scudeller<\/sub><\/figcaption><\/figure>\n\n\n\n<figure class=\"wp-block-image size-thumbnail wp-duotone-unset-5\"><a href=\"https:\/\/epiurb.leauc.iau.usp.br\/es\/2026\/03\/07\/camila-ferreira-guimaraes\/\"><img loading=\"lazy\" decoding=\"async\" width=\"150\" height=\"150\" data-id=\"1348\" src=\"https:\/\/epiurb.leauc.iau.usp.br\/wp-content\/uploads\/2025\/11\/Camila-Guimaraes-11-150x150.webp\" alt=\"\" class=\"wp-image-1348\" style=\"aspect-ratio:1\" srcset=\"https:\/\/epiurb.leauc.iau.usp.br\/wp-content\/uploads\/2025\/11\/Camila-Guimaraes-11-150x150.webp 150w, https:\/\/epiurb.leauc.iau.usp.br\/wp-content\/uploads\/2025\/11\/Camila-Guimaraes-11-300x300.webp 300w, https:\/\/epiurb.leauc.iau.usp.br\/wp-content\/uploads\/2025\/11\/Camila-Guimaraes-11-75x75.webp 75w, https:\/\/epiurb.leauc.iau.usp.br\/wp-content\/uploads\/2025\/11\/Camila-Guimaraes-11.webp 512w\" sizes=\"auto, (max-width: 150px) 100vw, 150px\" \/><\/a><figcaption class=\"wp-element-caption\"><sub>Camila Guimar\u00e3es<\/sub><\/figcaption><\/figure>\n\n\n\n<figure class=\"wp-block-image size-large wp-duotone-unset-6\"><a href=\"https:\/\/epiurb.leauc.iau.usp.br\/es\/2026\/02\/19\/carlos-tapia\/\"><img loading=\"lazy\" decoding=\"async\" width=\"819\" height=\"1024\" data-id=\"1377\" src=\"https:\/\/epiurb.leauc.iau.usp.br\/wp-content\/uploads\/2025\/11\/Design-sem-nome-47-1-819x1024.png\" alt=\"\" class=\"wp-image-1377\" style=\"aspect-ratio:1\" srcset=\"https:\/\/epiurb.leauc.iau.usp.br\/wp-content\/uploads\/2025\/11\/Design-sem-nome-47-1-819x1024.png 819w, https:\/\/epiurb.leauc.iau.usp.br\/wp-content\/uploads\/2025\/11\/Design-sem-nome-47-1-240x300.png 240w, https:\/\/epiurb.leauc.iau.usp.br\/wp-content\/uploads\/2025\/11\/Design-sem-nome-47-1-768x960.png 768w, https:\/\/epiurb.leauc.iau.usp.br\/wp-content\/uploads\/2025\/11\/Design-sem-nome-47-1.png 1080w\" sizes=\"auto, (max-width: 819px) 100vw, 819px\" \/><\/a><figcaption class=\"wp-element-caption\"><sub>Carlos Tapia <\/sub><\/figcaption><\/figure>\n\n\n\n<figure class=\"wp-block-image size-thumbnail wp-duotone-unset-7\"><a href=\"https:\/\/epiurb.leauc.iau.usp.br\/es\/2026\/03\/07\/gabriela-andrade\/\"><img loading=\"lazy\" decoding=\"async\" width=\"150\" height=\"150\" data-id=\"1355\" src=\"https:\/\/epiurb.leauc.iau.usp.br\/wp-content\/uploads\/2025\/11\/LEAUC_Site_Gabriela_Andrade-150x150.jpeg\" alt=\"\" class=\"wp-image-1355\" style=\"aspect-ratio:1\" srcset=\"https:\/\/epiurb.leauc.iau.usp.br\/wp-content\/uploads\/2025\/11\/LEAUC_Site_Gabriela_Andrade-150x150.jpeg 150w, https:\/\/epiurb.leauc.iau.usp.br\/wp-content\/uploads\/2025\/11\/LEAUC_Site_Gabriela_Andrade-300x300.jpeg 300w, https:\/\/epiurb.leauc.iau.usp.br\/wp-content\/uploads\/2025\/11\/LEAUC_Site_Gabriela_Andrade-75x75.jpeg 75w\" sizes=\"auto, (max-width: 150px) 100vw, 150px\" \/><\/a><figcaption class=\"wp-element-caption\"><sub>Gabriela Andrade<\/sub><\/figcaption><\/figure>\n\n\n\n<figure class=\"wp-block-image size-thumbnail wp-duotone-grayscale\"><a href=\"https:\/\/epiurb.leauc.iau.usp.br\/es\/2026\/04\/04\/joao-pedro-disposito-2\/\"><img loading=\"lazy\" decoding=\"async\" width=\"150\" height=\"150\" data-id=\"3234\" src=\"https:\/\/epiurb.leauc.iau.usp.br\/wp-content\/uploads\/2026\/03\/profile-pic-6-edited-1-150x150.png\" alt=\"\" class=\"wp-image-3234\" style=\"aspect-ratio:1\" srcset=\"https:\/\/epiurb.leauc.iau.usp.br\/wp-content\/uploads\/2026\/03\/profile-pic-6-edited-1-150x150.png 150w, https:\/\/epiurb.leauc.iau.usp.br\/wp-content\/uploads\/2026\/03\/profile-pic-6-edited-1-300x300.png 300w, https:\/\/epiurb.leauc.iau.usp.br\/wp-content\/uploads\/2026\/03\/profile-pic-6-edited-1-75x75.png 75w, https:\/\/epiurb.leauc.iau.usp.br\/wp-content\/uploads\/2026\/03\/profile-pic-6-edited-1.png 400w\" sizes=\"auto, (max-width: 150px) 100vw, 150px\" \/><\/a><figcaption class=\"wp-element-caption\"><sub>Jo\u00e3o  Disp\u00f3sito<\/sub><\/figcaption><\/figure>\n\n\n\n<figure class=\"wp-block-image size-large wp-duotone-unset-8\"><a href=\"https:\/\/epiurb.leauc.iau.usp.br\/es\/2026\/03\/07\/julio-arroyo\/\"><img loading=\"lazy\" decoding=\"async\" width=\"819\" height=\"1024\" data-id=\"2715\" src=\"https:\/\/epiurb.leauc.iau.usp.br\/wp-content\/uploads\/2026\/02\/Design-sem-nome-76-819x1024.png\" alt=\"\" class=\"wp-image-2715\" style=\"aspect-ratio:1\" srcset=\"https:\/\/epiurb.leauc.iau.usp.br\/wp-content\/uploads\/2026\/02\/Design-sem-nome-76-819x1024.png 819w, https:\/\/epiurb.leauc.iau.usp.br\/wp-content\/uploads\/2026\/02\/Design-sem-nome-76-240x300.png 240w, https:\/\/epiurb.leauc.iau.usp.br\/wp-content\/uploads\/2026\/02\/Design-sem-nome-76-768x960.png 768w, https:\/\/epiurb.leauc.iau.usp.br\/wp-content\/uploads\/2026\/02\/Design-sem-nome-76.png 1080w\" sizes=\"auto, (max-width: 819px) 100vw, 819px\" \/><\/a><figcaption class=\"wp-element-caption\"><sub>Julio Arroyo<\/sub><\/figcaption><\/figure>\n\n\n\n<figure class=\"wp-block-image wp-duotone-000000-0000001f-9\"><a href=\"https:\/\/epiurb.leauc.iau.usp.br\/es\/2026\/03\/07\/livia-zanelli\/\"><img decoding=\"async\" src=\"https:\/\/www.iau.usp.br\/pesquisa\/grupos\/leauc\/wp-content\/uploads\/2024\/09\/LIVIA_ZANELLI.png\" alt=\"\" style=\"aspect-ratio:1\" title=\"\"\/><\/a><figcaption class=\"wp-element-caption\"><sub>L\u00edvia Zanelli<\/sub><\/figcaption><\/figure>\n\n\n\n<figure class=\"wp-block-image size-large wp-duotone-unset-10\"><a href=\"https:\/\/epiurb.leauc.iau.usp.br\/es\/2025\/11\/17\/manoel-rodrigues-alves\/\"><img loading=\"lazy\" decoding=\"async\" width=\"1024\" height=\"1024\" data-id=\"1279\" src=\"https:\/\/epiurb.leauc.iau.usp.br\/wp-content\/uploads\/2025\/11\/m.-alves-2-edited_3535-1-1024x1024.jpg\" alt=\"\" class=\"wp-image-1279\" style=\"aspect-ratio:1\" srcset=\"https:\/\/epiurb.leauc.iau.usp.br\/wp-content\/uploads\/2025\/11\/m.-alves-2-edited_3535-1-1024x1024.jpg 1024w, https:\/\/epiurb.leauc.iau.usp.br\/wp-content\/uploads\/2025\/11\/m.-alves-2-edited_3535-1-300x300.jpg 300w, https:\/\/epiurb.leauc.iau.usp.br\/wp-content\/uploads\/2025\/11\/m.-alves-2-edited_3535-1-150x150.jpg 150w, https:\/\/epiurb.leauc.iau.usp.br\/wp-content\/uploads\/2025\/11\/m.-alves-2-edited_3535-1-768x768.jpg 768w, https:\/\/epiurb.leauc.iau.usp.br\/wp-content\/uploads\/2025\/11\/m.-alves-2-edited_3535-1-1140x1140.jpg 1140w, https:\/\/epiurb.leauc.iau.usp.br\/wp-content\/uploads\/2025\/11\/m.-alves-2-edited_3535-1-75x75.jpg 75w, https:\/\/epiurb.leauc.iau.usp.br\/wp-content\/uploads\/2025\/11\/m.-alves-2-edited_3535-1.jpg 1323w\" sizes=\"auto, (max-width: 1024px) 100vw, 1024px\" \/><\/a><figcaption class=\"wp-element-caption\"><sub>Manoel R.  Alves<\/sub><\/figcaption><\/figure>\n\n\n\n<figure class=\"wp-block-image size-thumbnail is-style-default wp-duotone-unset-11\"><a href=\"https:\/\/epiurb.leauc.iau.usp.br\/es\/2026\/03\/07\/maira-cristo-daitx\/\"><img loading=\"lazy\" decoding=\"async\" width=\"150\" height=\"150\" data-id=\"1359\" src=\"https:\/\/epiurb.leauc.iau.usp.br\/wp-content\/uploads\/2025\/11\/PB_Maira_3535-150x150.png\" alt=\"\" class=\"wp-image-1359\" style=\"aspect-ratio:1\" srcset=\"https:\/\/epiurb.leauc.iau.usp.br\/wp-content\/uploads\/2025\/11\/PB_Maira_3535-150x150.png 150w, https:\/\/epiurb.leauc.iau.usp.br\/wp-content\/uploads\/2025\/11\/PB_Maira_3535-300x300.png 300w, https:\/\/epiurb.leauc.iau.usp.br\/wp-content\/uploads\/2025\/11\/PB_Maira_3535-768x768.png 768w, https:\/\/epiurb.leauc.iau.usp.br\/wp-content\/uploads\/2025\/11\/PB_Maira_3535-75x75.png 75w, https:\/\/epiurb.leauc.iau.usp.br\/wp-content\/uploads\/2025\/11\/PB_Maira_3535.png 863w\" sizes=\"auto, (max-width: 150px) 100vw, 150px\" \/><\/a><figcaption class=\"wp-element-caption\"><sub>Ma\u00edra C.  Daitx<\/sub><\/figcaption><\/figure>\n\n\n\n<figure class=\"wp-block-image size-large wp-duotone-unset-12\"><a href=\"https:\/\/epiurb.leauc.iau.usp.br\/es\/2026\/03\/07\/paula-braga\/\"><img loading=\"lazy\" decoding=\"async\" width=\"1024\" height=\"1024\" data-id=\"1361\" src=\"https:\/\/epiurb.leauc.iau.usp.br\/wp-content\/uploads\/2025\/11\/Paula-Braga_1x1-2048x2048-1-1024x1024.jpg\" alt=\"\" class=\"wp-image-1361\" style=\"aspect-ratio:1\" srcset=\"https:\/\/epiurb.leauc.iau.usp.br\/wp-content\/uploads\/2025\/11\/Paula-Braga_1x1-2048x2048-1-1024x1024.jpg 1024w, https:\/\/epiurb.leauc.iau.usp.br\/wp-content\/uploads\/2025\/11\/Paula-Braga_1x1-2048x2048-1-300x300.jpg 300w, https:\/\/epiurb.leauc.iau.usp.br\/wp-content\/uploads\/2025\/11\/Paula-Braga_1x1-2048x2048-1-150x150.jpg 150w, https:\/\/epiurb.leauc.iau.usp.br\/wp-content\/uploads\/2025\/11\/Paula-Braga_1x1-2048x2048-1-768x768.jpg 768w, https:\/\/epiurb.leauc.iau.usp.br\/wp-content\/uploads\/2025\/11\/Paula-Braga_1x1-2048x2048-1-1536x1536.jpg 1536w, https:\/\/epiurb.leauc.iau.usp.br\/wp-content\/uploads\/2025\/11\/Paula-Braga_1x1-2048x2048-1-1140x1140.jpg 1140w, https:\/\/epiurb.leauc.iau.usp.br\/wp-content\/uploads\/2025\/11\/Paula-Braga_1x1-2048x2048-1-75x75.jpg 75w, https:\/\/epiurb.leauc.iau.usp.br\/wp-content\/uploads\/2025\/11\/Paula-Braga_1x1-2048x2048-1.jpg 2048w\" sizes=\"auto, (max-width: 1024px) 100vw, 1024px\" \/><\/a><figcaption class=\"wp-element-caption\"><sub>Paula Braga<\/sub><\/figcaption><\/figure>\n\n\n\n<figure class=\"wp-block-image wp-duotone-000000-00000026-13\"><a href=\"https:\/\/epiurb.leauc.iau.usp.br\/es\/2026\/03\/07\/priscila-soares-batista\/\"><img decoding=\"async\" src=\"https:\/\/www.iau.usp.br\/pesquisa\/grupos\/leauc\/wp-content\/uploads\/2024\/10\/Priscila_Soares_Batista-e1725891232840-263x300-1.jpg\" alt=\"\" style=\"aspect-ratio:1\"\/><\/a><figcaption class=\"wp-element-caption\"><sub>Priscila S. Batista<\/sub><\/figcaption><\/figure>\n\n\n\n<figure class=\"wp-block-image size-thumbnail wp-duotone-unset-14\"><a href=\"https:\/\/epiurb.leauc.iau.usp.br\/es\/2026\/03\/07\/raquel-ladislau\/\"><img loading=\"lazy\" decoding=\"async\" width=\"150\" height=\"150\" data-id=\"1362\" src=\"https:\/\/epiurb.leauc.iau.usp.br\/wp-content\/uploads\/2025\/11\/LEAUC_Site_Raquel_Barbosa-1-q6hzheope5l24ffn7fuhau0z4y5rm39qlju2q9nfvw-150x150.png\" alt=\"\" class=\"wp-image-1362\" style=\"aspect-ratio:1\" srcset=\"https:\/\/epiurb.leauc.iau.usp.br\/wp-content\/uploads\/2025\/11\/LEAUC_Site_Raquel_Barbosa-1-q6hzheope5l24ffn7fuhau0z4y5rm39qlju2q9nfvw-150x150.png 150w, https:\/\/epiurb.leauc.iau.usp.br\/wp-content\/uploads\/2025\/11\/LEAUC_Site_Raquel_Barbosa-1-q6hzheope5l24ffn7fuhau0z4y5rm39qlju2q9nfvw-300x300.png 300w, https:\/\/epiurb.leauc.iau.usp.br\/wp-content\/uploads\/2025\/11\/LEAUC_Site_Raquel_Barbosa-1-q6hzheope5l24ffn7fuhau0z4y5rm39qlju2q9nfvw-75x75.png 75w, https:\/\/epiurb.leauc.iau.usp.br\/wp-content\/uploads\/2025\/11\/LEAUC_Site_Raquel_Barbosa-1-q6hzheope5l24ffn7fuhau0z4y5rm39qlju2q9nfvw.png 350w\" sizes=\"auto, (max-width: 150px) 100vw, 150px\" \/><\/a><figcaption class=\"wp-element-caption\"><sub>Raquel Ladislau<\/sub><\/figcaption><\/figure>\n\n\n\n<figure class=\"wp-block-image wp-duotone-000000-e4e4e5-15\"><a href=\"https:\/\/epiurb.leauc.iau.usp.br\/es\/2026\/03\/22\/sophia-maria-durao-juliani\/\"><img decoding=\"async\" src=\"https:\/\/www.iau.usp.br\/pesquisa\/grupos\/leauc\/wp-content\/uploads\/2025\/08\/WhatsApp-Image-2025-08-27-at-15.04.46.jpeg\" alt=\"\"\/><\/a><figcaption class=\"wp-element-caption\"><sub>Sophia M. Dur\u00e3o<\/sub><\/figcaption><\/figure>\n<\/figure>\n\n\n\n<h3 class=\"wp-block-heading has-text-align-left has-vivid-cyan-blue-color has-text-color has-link-color has-small-font-size wp-elements-f7349e71333492798bc03752e7af111d\"><\/h3>\n\n\n\n<p>Para conhecer outros membros colaboradores <a href=\"https:\/\/epiurb.leauc.iau.usp.br\/es\/membros-anteriores\/\" data-type=\"link\" data-id=\"https:\/\/epiurb.leauc.iau.usp.br\/membros-anteriores\/\">clique aqui<\/a>.<\/p>\n<\/div><\/div>\n\n\n\n<div class=\"wp-block-group is-vertical is-layout-flex wp-container-core-group-is-layout-4b827052 wp-block-group-is-layout-flex\">\n<p><\/p>\n\n\n\n<p><\/p>\n<\/div>\n<\/div>\n\n\n\n<div class=\"wp-block-column is-layout-flow wp-block-column-is-layout-flow\" style=\"flex-basis:22%\"><\/div>\n<\/div>\n<\/div>\n<\/div>\n<\/div>\n<\/div>\n\n\n\n<figure class=\"wp-block-image size-full is-resized\"><img loading=\"lazy\" decoding=\"async\" width=\"408\" height=\"654\" src=\"https:\/\/epiurb.leauc.iau.usp.br\/wp-content\/uploads\/2026\/04\/image-1.png\" alt=\"\" class=\"wp-image-4650\" style=\"aspect-ratio:0.6238706609605326;width:35px;height:auto\" srcset=\"https:\/\/epiurb.leauc.iau.usp.br\/wp-content\/uploads\/2026\/04\/image-1.png 408w, https:\/\/epiurb.leauc.iau.usp.br\/wp-content\/uploads\/2026\/04\/image-1-187x300.png 187w\" sizes=\"auto, (max-width: 408px) 100vw, 408px\" \/><\/figure>\n\n\n\n<p><\/p>\n\n\n\n<div class=\"wp-block-cover alignfull is-light\" style=\"padding-top:4vw;padding-right:4vw;padding-bottom:4vw;padding-left:4vw;min-height:186px;aspect-ratio:unset;\"><span aria-hidden=\"true\" class=\"wp-block-cover__background has-background-dim-10 has-background-dim has-background-gradient has-very-light-gray-to-cyan-bluish-gray-gradient-background\"><\/span><div class=\"wp-block-cover__inner-container is-layout-flow wp-block-cover-is-layout-flow\">\n<div class=\"wp-block-group is-content-justification-center is-nowrap is-layout-flex wp-container-core-group-is-layout-caafac71 wp-block-group-is-layout-flex\">\n<figure class=\"wp-block-image size-full\"><img loading=\"lazy\" decoding=\"async\" width=\"1200\" height=\"300\" src=\"https:\/\/epiurb.leauc.iau.usp.br\/wp-content\/uploads\/2026\/05\/logos-21.png\" alt=\"\" class=\"wp-image-6425\" srcset=\"https:\/\/epiurb.leauc.iau.usp.br\/wp-content\/uploads\/2026\/05\/logos-21.png 1200w, https:\/\/epiurb.leauc.iau.usp.br\/wp-content\/uploads\/2026\/05\/logos-21-300x75.png 300w, https:\/\/epiurb.leauc.iau.usp.br\/wp-content\/uploads\/2026\/05\/logos-21-1024x256.png 1024w, https:\/\/epiurb.leauc.iau.usp.br\/wp-content\/uploads\/2026\/05\/logos-21-768x192.png 768w, https:\/\/epiurb.leauc.iau.usp.br\/wp-content\/uploads\/2026\/05\/logos-21-1140x285.png 1140w\" sizes=\"auto, (max-width: 1200px) 100vw, 1200px\" \/><\/figure>\n\n\n\n<figure class=\"wp-block-image size-large\"><img loading=\"lazy\" decoding=\"async\" width=\"1024\" height=\"256\" src=\"https:\/\/epiurb.leauc.iau.usp.br\/wp-content\/uploads\/2026\/05\/logos-25-1024x256.png\" alt=\"\" class=\"wp-image-6429\" srcset=\"https:\/\/epiurb.leauc.iau.usp.br\/wp-content\/uploads\/2026\/05\/logos-25-1024x256.png 1024w, https:\/\/epiurb.leauc.iau.usp.br\/wp-content\/uploads\/2026\/05\/logos-25-300x75.png 300w, https:\/\/epiurb.leauc.iau.usp.br\/wp-content\/uploads\/2026\/05\/logos-25-768x192.png 768w, https:\/\/epiurb.leauc.iau.usp.br\/wp-content\/uploads\/2026\/05\/logos-25-1140x285.png 1140w, https:\/\/epiurb.leauc.iau.usp.br\/wp-content\/uploads\/2026\/05\/logos-25.png 1200w\" sizes=\"auto, (max-width: 1024px) 100vw, 1024px\" \/><\/figure>\n\n\n\n<figure class=\"wp-block-image size-full\"><img loading=\"lazy\" decoding=\"async\" width=\"1200\" height=\"300\" src=\"https:\/\/epiurb.leauc.iau.usp.br\/wp-content\/uploads\/2026\/05\/logos-22.png\" alt=\"\" class=\"wp-image-6424\" srcset=\"https:\/\/epiurb.leauc.iau.usp.br\/wp-content\/uploads\/2026\/05\/logos-22.png 1200w, https:\/\/epiurb.leauc.iau.usp.br\/wp-content\/uploads\/2026\/05\/logos-22-300x75.png 300w, https:\/\/epiurb.leauc.iau.usp.br\/wp-content\/uploads\/2026\/05\/logos-22-1024x256.png 1024w, https:\/\/epiurb.leauc.iau.usp.br\/wp-content\/uploads\/2026\/05\/logos-22-768x192.png 768w, https:\/\/epiurb.leauc.iau.usp.br\/wp-content\/uploads\/2026\/05\/logos-22-1140x285.png 1140w\" sizes=\"auto, (max-width: 1200px) 100vw, 1200px\" \/><\/figure>\n<\/div>\n<\/div><\/div>","protected":false},"excerpt":{"rendered":"<p>O Projeto EPIURB re\u00fane pesquisadores, docentes e estudantes vinculados a diferentes institui\u00e7\u00f5es acad\u00eamicas, articulados em torno de uma agenda cr\u00edtica comum sobre a cidade contempor\u00e2nea. A equipe do projeto est\u00e1 lotada e sua maioria no Instituto de Arquitetura e Urbanismo da Universidade de S\u00e3o Paulo (IAU-USP), sede do Laborat\u00f3rio de Estudos do Ambiente Urbano Contempor\u00e2neo (LEAUC). A partir desse n\u00facleo, estabelece conex\u00f5es com a Escuela T\u00e9cnica Superior de Arquitectura da Universidad de Sevilla (ETSA-Sevilla), a Facultad de Arquitectura, Dise\u00f1o y Urbanismo da Universidad Nacional del Litoral (FADU) e a Faculdade de Arquitetura e Urbanismo da Universidade de Bras\u00edlia (UNB), conformando uma rede de colabora\u00e7\u00e3o acad\u00eamica que fortalece os di\u00e1logos interinstitucionais. Para conhecer outros membros colaboradores clique aqui.<\/p>","protected":false},"author":2,"featured_media":0,"parent":0,"menu_order":0,"comment_status":"closed","ping_status":"closed","template":"","meta":{"_monsterinsights_skip_tracking":false,"_monsterinsights_sitenote_active":false,"_monsterinsights_sitenote_note":"","_monsterinsights_sitenote_category":0,"footnotes":""},"class_list":["post-436","page","type-page","status-publish","hentry"],"_links":{"self":[{"href":"https:\/\/epiurb.leauc.iau.usp.br\/es\/wp-json\/wp\/v2\/pages\/436","targetHints":{"allow":["GET"]}}],"collection":[{"href":"https:\/\/epiurb.leauc.iau.usp.br\/es\/wp-json\/wp\/v2\/pages"}],"about":[{"href":"https:\/\/epiurb.leauc.iau.usp.br\/es\/wp-json\/wp\/v2\/types\/page"}],"author":[{"embeddable":true,"href":"https:\/\/epiurb.leauc.iau.usp.br\/es\/wp-json\/wp\/v2\/users\/2"}],"replies":[{"embeddable":true,"href":"https:\/\/epiurb.leauc.iau.usp.br\/es\/wp-json\/wp\/v2\/comments?post=436"}],"version-history":[{"count":151,"href":"https:\/\/epiurb.leauc.iau.usp.br\/es\/wp-json\/wp\/v2\/pages\/436\/revisions"}],"predecessor-version":[{"id":6464,"href":"https:\/\/epiurb.leauc.iau.usp.br\/es\/wp-json\/wp\/v2\/pages\/436\/revisions\/6464"}],"wp:attachment":[{"href":"https:\/\/epiurb.leauc.iau.usp.br\/es\/wp-json\/wp\/v2\/media?parent=436"}],"curies":[{"name":"wp","href":"https:\/\/api.w.org\/{rel}","templated":true}]}}