{"id":403,"date":"2025-11-10T16:36:35","date_gmt":"2025-11-10T19:36:35","guid":{"rendered":"https:\/\/epiurb.leauc.iau.usp.br\/?page_id=403"},"modified":"2026-05-06T00:49:22","modified_gmt":"2026-05-06T03:49:22","slug":"seminarios","status":"publish","type":"page","link":"https:\/\/epiurb.leauc.iau.usp.br\/es\/seminarios\/","title":{"rendered":"Seminarios"},"content":{"rendered":"<div class=\"wp-block-cover alignfull is-light wp-duotone-unset-2\" style=\"padding-top:var(--wp--preset--spacing--30);padding-right:var(--wp--preset--spacing--30);padding-bottom:var(--wp--preset--spacing--30);padding-left:var(--wp--preset--spacing--30);min-height:124px;aspect-ratio:unset;\"><img loading=\"lazy\" decoding=\"async\" width=\"1024\" height=\"197\" class=\"wp-block-cover__image-background wp-image-2049 size-large\" alt=\"\" src=\"https:\/\/epiurb.leauc.iau.usp.br\/wp-content\/uploads\/2026\/01\/cabecalho-1024x197.png\" data-object-fit=\"cover\" srcset=\"https:\/\/epiurb.leauc.iau.usp.br\/wp-content\/uploads\/2026\/01\/cabecalho-1024x197.png 1024w, https:\/\/epiurb.leauc.iau.usp.br\/wp-content\/uploads\/2026\/01\/cabecalho-300x58.png 300w, https:\/\/epiurb.leauc.iau.usp.br\/wp-content\/uploads\/2026\/01\/cabecalho-768x148.png 768w, https:\/\/epiurb.leauc.iau.usp.br\/wp-content\/uploads\/2026\/01\/cabecalho-1536x295.png 1536w, https:\/\/epiurb.leauc.iau.usp.br\/wp-content\/uploads\/2026\/01\/cabecalho-2048x394.png 2048w, https:\/\/epiurb.leauc.iau.usp.br\/wp-content\/uploads\/2026\/01\/cabecalho-1140x219.png 1140w\" sizes=\"auto, (max-width: 1024px) 100vw, 1024px\" \/><span aria-hidden=\"true\" class=\"wp-block-cover__background has-black-background-color has-background-dim-10 has-background-dim\"><\/span><div class=\"wp-block-cover__inner-container is-layout-flow wp-block-cover-is-layout-flow\">\n<div class=\"wp-block-group alignwide has-base-color has-text-color has-link-color wp-elements-0e96fff9e086c2dd9d7754144667cd17 is-content-justification-space-between is-layout-flex wp-container-core-group-is-layout-10d17ff1 wp-block-group-is-layout-flex\" style=\"margin-top:0;margin-bottom:0\">\n<div class=\"wp-block-columns is-layout-flex wp-container-core-columns-is-layout-28f84493 wp-block-columns-is-layout-flex\">\n<div class=\"wp-block-column is-layout-flow wp-block-column-is-layout-flow\"><\/div>\n\n\n\n<div class=\"wp-block-column is-layout-flow wp-block-column-is-layout-flow\"><\/div>\n<\/div>\n<\/div>\n\n\n\n<div class=\"wp-block-columns is-layout-flex wp-container-core-columns-is-layout-28f84493 wp-block-columns-is-layout-flex\">\n<div class=\"wp-block-column is-layout-flow wp-block-column-is-layout-flow\" style=\"flex-basis:8%\"><\/div>\n\n\n\n<div class=\"wp-block-column is-layout-flow wp-block-column-is-layout-flow\"><nav class=\"has-text-color has-white-color is-responsive items-justified-left wp-block-navigation is-content-justification-left is-layout-flex wp-container-core-navigation-is-layout-8eed085e wp-block-navigation-is-layout-flex\" aria-label=\"Navega\u00e7\u00e3o\" \n\t\t data-wp-interactive=\"core\/navigation\" data-wp-context='{\"overlayOpenedBy\":{\"click\":false,\"hover\":false,\"focus\":false},\"type\":\"overlay\",\"roleAttribute\":\"\",\"ariaLabel\":\"Men\\u00fa\"}'><button aria-haspopup=\"dialog\" aria-label=\"Abrir el men\u00fa\" class=\"wp-block-navigation__responsive-container-open\" \n\t\t\t\tdata-wp-on--click=\"actions.openMenuOnClick\"\n\t\t\t\tdata-wp-on--keydown=\"actions.handleMenuKeydown\"\n\t\t\t><svg width=\"24\" height=\"24\" xmlns=\"http:\/\/www.w3.org\/2000\/svg\" viewbox=\"0 0 24 24\" aria-hidden=\"true\" focusable=\"false\"><path d=\"M4 7.5h16v1.5H4z\"><\/path><path d=\"M4 15h16v1.5H4z\"><\/path><\/svg><\/button>\n\t\t\t\t<div class=\"wp-block-navigation__responsive-container\"  id=\"modal-1\" \n\t\t\t\tdata-wp-class--has-modal-open=\"state.isMenuOpen\"\n\t\t\t\tdata-wp-class--is-menu-open=\"state.isMenuOpen\"\n\t\t\t\tdata-wp-watch=\"callbacks.initMenu\"\n\t\t\t\tdata-wp-on--keydown=\"actions.handleMenuKeydown\"\n\t\t\t\tdata-wp-on--focusout=\"actions.handleMenuFocusout\"\n\t\t\t\ttabindex=\"-1\"\n\t\t\t>\n\t\t\t\t\t<div class=\"wp-block-navigation__responsive-close\" tabindex=\"-1\">\n\t\t\t\t\t\t<div class=\"wp-block-navigation__responsive-dialog\" \n\t\t\t\tdata-wp-bind--aria-modal=\"state.ariaModal\"\n\t\t\t\tdata-wp-bind--aria-label=\"state.ariaLabel\"\n\t\t\t\tdata-wp-bind--role=\"state.roleAttribute\"\n\t\t\t>\n\t\t\t\t\t\t\t<button aria-label=\"Cerrar el men\u00fa\" class=\"wp-block-navigation__responsive-container-close\" \n\t\t\t\tdata-wp-on--click=\"actions.closeMenuOnClick\"\n\t\t\t><svg xmlns=\"http:\/\/www.w3.org\/2000\/svg\" viewbox=\"0 0 24 24\" width=\"24\" height=\"24\" aria-hidden=\"true\" focusable=\"false\"><path d=\"m13.06 12 6.47-6.47-1.06-1.06L12 10.94 5.53 4.47 4.47 5.53 10.94 12l-6.47 6.47 1.06 1.06L12 13.06l6.47 6.47 1.06-1.06L13.06 12Z\"><\/path><\/svg><\/button>\n\t\t\t\t\t\t\t<div class=\"wp-block-navigation__responsive-container-content\" \n\t\t\t\tdata-wp-watch=\"callbacks.focusFirstElement\"\n\t\t\t id=\"modal-1-content\">\n\t\t\t\t\t\t\t\t<ul class=\"wp-block-navigation__container has-text-color has-white-color is-responsive items-justified-left wp-block-navigation\"><li style=\"font-size:16px;\" class=\"wp-block-navigation-item wp-block-navigation-link\"><a class=\"wp-block-navigation-item__content\"  href=\"https:\/\/epiurb.leauc.iau.usp.br\/es\/seminarios\/\"><span class=\"wp-block-navigation-item__label\"><em><sub><strong><span style=\"text-decoration: underline\">Seminarios<\/span><\/strong><\/sub><\/em><\/span><\/a><\/li><li style=\"font-size:16px;\" class=\"wp-block-navigation-item wp-block-navigation-link\"><a class=\"wp-block-navigation-item__content\"  href=\"https:\/\/epiurb.leauc.iau.usp.br\/es\/2026\/01\/30\/umbrais-do-urbano\/\"><span class=\"wp-block-navigation-item__label\"><sub><span style=\"text-decoration: underline\"><strong><em>Umbrais do Urbano<\/em><\/strong><\/span><\/sub><\/span><\/a><\/li><li style=\"font-size:16px;\" class=\"wp-block-navigation-item wp-block-navigation-link\"><a class=\"wp-block-navigation-item__content\"  href=\"https:\/\/epiurb.leauc.iau.usp.br\/es\/2026\/02\/03\/heterotipias-urbanas\/\"><span class=\"wp-block-navigation-item__label\"><sub><span style=\"text-decoration: underline\"><strong><em>Heterot\u00edpias Urbanas<\/em><\/strong><\/span><\/sub><\/span><\/a><\/li><\/ul>\n\t\t\t\t\t\t\t<\/div>\n\t\t\t\t\t\t<\/div>\n\t\t\t\t\t<\/div>\n\t\t\t\t<\/div><\/nav><\/div>\n<\/div>\n<\/div><\/div>\n\n\n\n<p><\/p>\n\n\n\n<div class=\"wp-block-columns is-layout-flex wp-container-core-columns-is-layout-28f84493 wp-block-columns-is-layout-flex\">\n<div class=\"wp-block-column is-layout-flow wp-block-column-is-layout-flow\" style=\"flex-basis:10%\"><\/div>\n\n\n\n<div class=\"wp-block-column is-layout-flow wp-block-column-is-layout-flow\" style=\"flex-basis:45%\">\n<h5 class=\"wp-block-heading has-large-font-size\"><strong><a href=\"https:\/\/epiurb.leauc.iau.usp.br\/es\/seminarios-2\/\" data-type=\"page\" data-id=\"2186\">Seminarios<\/a><\/strong><\/h5>\n<\/div>\n\n\n\n<div class=\"wp-block-column is-layout-flow wp-block-column-is-layout-flow\" style=\"flex-basis:45%\">\n<p><\/p>\n\n\n\n<p><\/p>\n<\/div>\n\n\n\n<div class=\"wp-block-column is-layout-flow wp-block-column-is-layout-flow\" style=\"flex-basis:10%\"><\/div>\n<\/div>\n\n\n\n<div class=\"wp-block-columns is-layout-flex wp-container-core-columns-is-layout-28f84493 wp-block-columns-is-layout-flex\">\n<div class=\"wp-block-column is-layout-flow wp-block-column-is-layout-flow\" style=\"flex-basis:9%\"><\/div>\n\n\n\n<div class=\"wp-block-column is-layout-flow wp-block-column-is-layout-flow\">\n<p>Los dos seminarios internacionales celebrados en el marco del proyecto desempe\u00f1an un papel estructurador en el desarrollo de la investigaci\u00f3n, constituyendo espacios para la experimentaci\u00f3n colectiva y la articulaci\u00f3n entre el marco conceptual y los procesos emp\u00edricos que gu\u00edan el trabajo del grupo. El seminario \u00abUmbrales de lo Urbano\u00bb promovi\u00f3 una comprensi\u00f3n m\u00e1s profunda de los tres conceptos fundamentales de la investigaci\u00f3n \u2014urbanismo menor, atm\u00f3sferas espaciales y espacios de intermedialidad\u2014 mediante el di\u00e1logo entre investigadores de diferentes contextos institucionales y geogr\u00e1ficos, lo que permiti\u00f3 comparar enfoques te\u00f3ricos con estudios de caso y experiencias situadas en el espacio urbano contempor\u00e1neo.&nbsp;<\/p>\n\n\n\n<p>Paralelamente, el seminario Heterotipos Urbanos, en este contexto, explora la cartograf\u00eda como pr\u00e1ctica cr\u00edtica de investigaci\u00f3n, proponiendo lecturas visuales capaces de visibilizar pr\u00e1cticas, atm\u00f3sferas e intersticios urbanos subordinados que escapan a las herramientas anal\u00edticas convencionales. Juntos, ambos seminarios funcionan como laboratorios internacionales para la producci\u00f3n de conocimiento, donde la reflexi\u00f3n conceptual se articula con debates, cartograf\u00eda e investigaci\u00f3n emp\u00edrica, contribuyendo a consolidar el marco te\u00f3rico del proyecto y a fortalecer la red de colaboraci\u00f3n cient\u00edfica que sustenta el desarrollo de la investigaci\u00f3n.<\/p>\n<\/div>\n\n\n\n<div class=\"wp-block-column is-layout-flow wp-block-column-is-layout-flow\" style=\"flex-basis:10%\"><\/div>\n<\/div>\n\n\n\n<div class=\"wp-block-columns is-layout-flex wp-container-core-columns-is-layout-28f84493 wp-block-columns-is-layout-flex\">\n<div class=\"wp-block-column is-layout-flow wp-block-column-is-layout-flow\" style=\"flex-basis:10%\"><\/div>\n\n\n\n<div class=\"wp-block-column is-layout-flow wp-block-column-is-layout-flow\">\n<div class=\"wp-block-columns is-layout-flex wp-container-core-columns-is-layout-28f84493 wp-block-columns-is-layout-flex\">\n<div class=\"wp-block-column is-layout-flow wp-block-column-is-layout-flow\">\n<div class=\"alignnormal\"><div id=\"metaslider-id-6561\" style=\"width: 100%;\" class=\"ml-slider-3-102-0 metaslider metaslider-flex metaslider-6561 ml-slider has-dots-nav ms-theme-architekt\" role=\"region\" aria-label=\"Umbrais 2\" data-height=\"600\" data-width=\"1400\">\n    <div id=\"metaslider_container_6561\">\n        <div id=\"metaslider_6561\">\n            <ul aria-live='off' class='slides'>\n                <li style=\"display: block; width: 100%;\" class=\"slide-6562 ms-image\" aria-roledescription=\"slide\" data-date=\"2026-05-06 00:04:44\" data-slide-type=\"image\"><a href=\"https:\/\/epiurb.leauc.iau.usp.br\/es\/2026\/01\/30\/umbrais-do-urbano\/\" target=\"_self\" aria-label=\"View Slide Details\" class=\"metaslider_image_link\"><img loading=\"lazy\" decoding=\"async\" src=\"https:\/\/epiurb.leauc.iau.usp.br\/wp-content\/uploads\/2026\/04\/Copia-de-Design-sem-nome-41.png\" height=\"600\" width=\"1400\" alt=\"\" class=\"slider-6561 slide-6562 msDefaultImage\" title=\"C\u00f3pia de Design sem nome (41)\" \/><\/a><\/li>\n            <\/ul>\n        <\/div>\n        \n    <\/div>\n<\/div><\/div>\n<\/div>\n\n\n\n<div class=\"wp-block-column is-layout-flow wp-block-column-is-layout-flow\">\n<div class=\"alignnormal\"><div id=\"metaslider-id-6615\" style=\"width: 100%;\" class=\"ml-slider-3-102-0 metaslider metaslider-flex metaslider-6615 ml-slider has-dots-nav ms-theme-architekt\" role=\"region\" aria-label=\"Heterotipias Urbanas\" data-height=\"600\" data-width=\"1400\">\n    <div id=\"metaslider_container_6615\">\n        <div id=\"metaslider_6615\">\n            <ul aria-live='off' class='slides'>\n                <li style=\"display: block; width: 100%;\" class=\"slide-6616 ms-image\" aria-roledescription=\"slide\" data-date=\"2026-05-06 00:32:29\" data-slide-type=\"image\"><a href=\"https:\/\/epiurb.leauc.iau.usp.br\/es\/2026\/02\/03\/heterotipias-urbanas\/\" target=\"_self\" aria-label=\"View Slide Details\" class=\"metaslider_image_link\"><img loading=\"lazy\" decoding=\"async\" src=\"https:\/\/epiurb.leauc.iau.usp.br\/wp-content\/uploads\/2026\/05\/Copia-de-Copia-de-Copia-de-Design-sem-nome-1.png\" height=\"600\" width=\"1400\" alt=\"\" class=\"slider-6615 slide-6616 msDefaultImage\" title=\"C\u00f3pia de C\u00f3pia de C\u00f3pia de Design sem nome (1)\" \/><\/a><\/li>\n            <\/ul>\n        <\/div>\n        \n    <\/div>\n<\/div><\/div>\n<\/div>\n<\/div>\n<\/div>\n\n\n\n<div class=\"wp-block-column is-layout-flow wp-block-column-is-layout-flow\" style=\"flex-basis:10%\"><\/div>\n<\/div>\n\n\n\n<p><\/p>\n\n\n\n<div class=\"wp-block-cover alignfull is-light\" style=\"padding-top:4vw;padding-right:4vw;padding-bottom:4vw;padding-left:4vw;min-height:186px;aspect-ratio:unset;\"><span aria-hidden=\"true\" class=\"wp-block-cover__background has-background-dim-10 has-background-dim has-background-gradient has-very-light-gray-to-cyan-bluish-gray-gradient-background\"><\/span><div class=\"wp-block-cover__inner-container is-layout-flow wp-block-cover-is-layout-flow\">\n<div class=\"wp-block-group is-content-justification-center is-nowrap is-layout-flex wp-container-core-group-is-layout-caafac71 wp-block-group-is-layout-flex\">\n<figure class=\"wp-block-image size-full\"><img loading=\"lazy\" decoding=\"async\" width=\"1200\" height=\"300\" src=\"https:\/\/epiurb.leauc.iau.usp.br\/wp-content\/uploads\/2026\/05\/logos-21.png\" alt=\"\" class=\"wp-image-6425\" srcset=\"https:\/\/epiurb.leauc.iau.usp.br\/wp-content\/uploads\/2026\/05\/logos-21.png 1200w, https:\/\/epiurb.leauc.iau.usp.br\/wp-content\/uploads\/2026\/05\/logos-21-300x75.png 300w, https:\/\/epiurb.leauc.iau.usp.br\/wp-content\/uploads\/2026\/05\/logos-21-1024x256.png 1024w, https:\/\/epiurb.leauc.iau.usp.br\/wp-content\/uploads\/2026\/05\/logos-21-768x192.png 768w, https:\/\/epiurb.leauc.iau.usp.br\/wp-content\/uploads\/2026\/05\/logos-21-1140x285.png 1140w\" sizes=\"auto, (max-width: 1200px) 100vw, 1200px\" \/><\/figure>\n\n\n\n<figure class=\"wp-block-image size-large\"><img loading=\"lazy\" decoding=\"async\" width=\"1024\" height=\"256\" src=\"https:\/\/epiurb.leauc.iau.usp.br\/wp-content\/uploads\/2026\/05\/logos-25-1024x256.png\" alt=\"\" class=\"wp-image-6429\" srcset=\"https:\/\/epiurb.leauc.iau.usp.br\/wp-content\/uploads\/2026\/05\/logos-25-1024x256.png 1024w, https:\/\/epiurb.leauc.iau.usp.br\/wp-content\/uploads\/2026\/05\/logos-25-300x75.png 300w, https:\/\/epiurb.leauc.iau.usp.br\/wp-content\/uploads\/2026\/05\/logos-25-768x192.png 768w, https:\/\/epiurb.leauc.iau.usp.br\/wp-content\/uploads\/2026\/05\/logos-25-1140x285.png 1140w, https:\/\/epiurb.leauc.iau.usp.br\/wp-content\/uploads\/2026\/05\/logos-25.png 1200w\" sizes=\"auto, (max-width: 1024px) 100vw, 1024px\" \/><\/figure>\n\n\n\n<figure class=\"wp-block-image size-full\"><img loading=\"lazy\" decoding=\"async\" width=\"1200\" height=\"300\" src=\"https:\/\/epiurb.leauc.iau.usp.br\/wp-content\/uploads\/2026\/05\/logos-22.png\" alt=\"\" class=\"wp-image-6424\" srcset=\"https:\/\/epiurb.leauc.iau.usp.br\/wp-content\/uploads\/2026\/05\/logos-22.png 1200w, https:\/\/epiurb.leauc.iau.usp.br\/wp-content\/uploads\/2026\/05\/logos-22-300x75.png 300w, https:\/\/epiurb.leauc.iau.usp.br\/wp-content\/uploads\/2026\/05\/logos-22-1024x256.png 1024w, https:\/\/epiurb.leauc.iau.usp.br\/wp-content\/uploads\/2026\/05\/logos-22-768x192.png 768w, https:\/\/epiurb.leauc.iau.usp.br\/wp-content\/uploads\/2026\/05\/logos-22-1140x285.png 1140w\" sizes=\"auto, (max-width: 1200px) 100vw, 1200px\" \/><\/figure>\n<\/div>\n<\/div><\/div>","protected":false},"excerpt":{"rendered":"<p>Semin\u00e1rios Os dois semin\u00e1rios internacionais realizados no \u00e2mbito do projeto desempenham um papel estruturante no desenvolvimento da investiga\u00e7\u00e3o, ao constitu\u00edrem espa\u00e7os de experimenta\u00e7\u00e3o coletiva e de articula\u00e7\u00e3o entre o quadro conceitual e os processos emp\u00edricos que orientam o trabalho do grupo. O semin\u00e1rio Umbrais do Urbano promoveu o aprofundamento dos tr\u00eas conceitos fundamentais da pesquisa \u2014 urbanismo menor, atmosferas espaciais e espa\u00e7os de intermediaridade \u2014 por meio do di\u00e1logo entre pesquisadores de diferentes contextos institucionais e geogr\u00e1ficos, permitindo confrontar abordagens te\u00f3ricas com estudos de caso e experi\u00eancias situadas no espa\u00e7o urbano contempor\u00e2neo.&nbsp; Paralelamente, o semin\u00e1rio Heterotipias Urbanas ampliou esse enquadramento ao explorar a cartografia como pr\u00e1tica cr\u00edtica de investiga\u00e7\u00e3o, convocando leituras visuais capazes de tornar vis\u00edveis pr\u00e1ticas infraordin\u00e1rias, atmosferas e interst\u00edcios urbanos que escapam aos instrumentos convencionais de an\u00e1lise.&nbsp;Em conjunto, ambos os semin\u00e1rios funcionam como laborat\u00f3rios internacionais de produ\u00e7\u00e3o de conhecimento, onde a reflex\u00e3o conceitual se articula com debates, cartografias e investiga\u00e7\u00f5es emp\u00edricas, contribuindo para consolidar o marco te\u00f3rico do projeto e fortalecer a rede de colabora\u00e7\u00e3o cient\u00edfica que sustenta o desenvolvimento da pesquisa.<\/p>","protected":false},"author":2,"featured_media":0,"parent":0,"menu_order":0,"comment_status":"closed","ping_status":"closed","template":"","meta":{"_monsterinsights_skip_tracking":false,"_monsterinsights_sitenote_active":false,"_monsterinsights_sitenote_note":"","_monsterinsights_sitenote_category":0,"footnotes":""},"class_list":["post-403","page","type-page","status-publish","hentry"],"_links":{"self":[{"href":"https:\/\/epiurb.leauc.iau.usp.br\/es\/wp-json\/wp\/v2\/pages\/403","targetHints":{"allow":["GET"]}}],"collection":[{"href":"https:\/\/epiurb.leauc.iau.usp.br\/es\/wp-json\/wp\/v2\/pages"}],"about":[{"href":"https:\/\/epiurb.leauc.iau.usp.br\/es\/wp-json\/wp\/v2\/types\/page"}],"author":[{"embeddable":true,"href":"https:\/\/epiurb.leauc.iau.usp.br\/es\/wp-json\/wp\/v2\/users\/2"}],"replies":[{"embeddable":true,"href":"https:\/\/epiurb.leauc.iau.usp.br\/es\/wp-json\/wp\/v2\/comments?post=403"}],"version-history":[{"count":219,"href":"https:\/\/epiurb.leauc.iau.usp.br\/es\/wp-json\/wp\/v2\/pages\/403\/revisions"}],"predecessor-version":[{"id":6631,"href":"https:\/\/epiurb.leauc.iau.usp.br\/es\/wp-json\/wp\/v2\/pages\/403\/revisions\/6631"}],"wp:attachment":[{"href":"https:\/\/epiurb.leauc.iau.usp.br\/es\/wp-json\/wp\/v2\/media?parent=403"}],"curies":[{"name":"wp","href":"https:\/\/api.w.org\/{rel}","templated":true}]}}