{"id":158,"date":"2025-10-13T16:06:32","date_gmt":"2025-10-13T19:06:32","guid":{"rendered":"https:\/\/epiurb.leauc.iau.usp.br\/?page_id=158"},"modified":"2026-05-01T11:25:30","modified_gmt":"2026-05-01T14:25:30","slug":"contato","status":"publish","type":"page","link":"https:\/\/epiurb.leauc.iau.usp.br\/es\/contato\/","title":{"rendered":"Contacto"},"content":{"rendered":"<div class=\"wp-block-cover alignfull is-light wp-duotone-unset-2\" style=\"padding-top:var(--wp--preset--spacing--30);padding-right:var(--wp--preset--spacing--30);padding-bottom:var(--wp--preset--spacing--30);padding-left:var(--wp--preset--spacing--30);min-height:124px;aspect-ratio:unset;\"><img loading=\"lazy\" decoding=\"async\" width=\"1024\" height=\"197\" class=\"wp-block-cover__image-background wp-image-2049 size-large\" alt=\"\" src=\"https:\/\/epiurb.leauc.iau.usp.br\/wp-content\/uploads\/2026\/01\/cabecalho-1024x197.png\" data-object-fit=\"cover\" srcset=\"https:\/\/epiurb.leauc.iau.usp.br\/wp-content\/uploads\/2026\/01\/cabecalho-1024x197.png 1024w, https:\/\/epiurb.leauc.iau.usp.br\/wp-content\/uploads\/2026\/01\/cabecalho-300x58.png 300w, https:\/\/epiurb.leauc.iau.usp.br\/wp-content\/uploads\/2026\/01\/cabecalho-768x148.png 768w, https:\/\/epiurb.leauc.iau.usp.br\/wp-content\/uploads\/2026\/01\/cabecalho-1536x295.png 1536w, https:\/\/epiurb.leauc.iau.usp.br\/wp-content\/uploads\/2026\/01\/cabecalho-2048x394.png 2048w, https:\/\/epiurb.leauc.iau.usp.br\/wp-content\/uploads\/2026\/01\/cabecalho-1140x219.png 1140w\" sizes=\"auto, (max-width: 1024px) 100vw, 1024px\" \/><span aria-hidden=\"true\" class=\"wp-block-cover__background has-black-background-color has-background-dim-10 has-background-dim\"><\/span><div class=\"wp-block-cover__inner-container is-layout-flow wp-block-cover-is-layout-flow\">\n<div class=\"wp-block-group alignwide has-base-color has-text-color has-link-color wp-elements-de71cd13ba88eecd11596d3bebec1ca5 is-content-justification-space-between is-layout-flex wp-container-core-group-is-layout-10d17ff1 wp-block-group-is-layout-flex\" style=\"margin-top:0;margin-bottom:0\"><nav class=\"has-text-color has-white-color is-responsive items-justified-right wp-block-navigation is-content-justification-right is-layout-flex wp-container-core-navigation-is-layout-f665d2b5 wp-block-navigation-is-layout-flex\" aria-label=\"Menu 5\" \n\t\t data-wp-interactive=\"core\/navigation\" data-wp-context='{\"overlayOpenedBy\":{\"click\":false,\"hover\":false,\"focus\":false},\"type\":\"overlay\",\"roleAttribute\":\"\",\"ariaLabel\":\"Men\\u00fa\"}'><button aria-haspopup=\"dialog\" aria-label=\"Abrir el men\u00fa\" class=\"wp-block-navigation__responsive-container-open\" \n\t\t\t\tdata-wp-on--click=\"actions.openMenuOnClick\"\n\t\t\t\tdata-wp-on--keydown=\"actions.handleMenuKeydown\"\n\t\t\t><svg width=\"24\" height=\"24\" xmlns=\"http:\/\/www.w3.org\/2000\/svg\" viewbox=\"0 0 24 24\" aria-hidden=\"true\" focusable=\"false\"><path d=\"M4 7.5h16v1.5H4z\"><\/path><path d=\"M4 15h16v1.5H4z\"><\/path><\/svg><\/button>\n\t\t\t\t<div class=\"wp-block-navigation__responsive-container\"  id=\"modal-1\" \n\t\t\t\tdata-wp-class--has-modal-open=\"state.isMenuOpen\"\n\t\t\t\tdata-wp-class--is-menu-open=\"state.isMenuOpen\"\n\t\t\t\tdata-wp-watch=\"callbacks.initMenu\"\n\t\t\t\tdata-wp-on--keydown=\"actions.handleMenuKeydown\"\n\t\t\t\tdata-wp-on--focusout=\"actions.handleMenuFocusout\"\n\t\t\t\ttabindex=\"-1\"\n\t\t\t>\n\t\t\t\t\t<div class=\"wp-block-navigation__responsive-close\" tabindex=\"-1\">\n\t\t\t\t\t\t<div class=\"wp-block-navigation__responsive-dialog\" \n\t\t\t\tdata-wp-bind--aria-modal=\"state.ariaModal\"\n\t\t\t\tdata-wp-bind--aria-label=\"state.ariaLabel\"\n\t\t\t\tdata-wp-bind--role=\"state.roleAttribute\"\n\t\t\t>\n\t\t\t\t\t\t\t<button aria-label=\"Cerrar el men\u00fa\" class=\"wp-block-navigation__responsive-container-close\" \n\t\t\t\tdata-wp-on--click=\"actions.closeMenuOnClick\"\n\t\t\t><svg xmlns=\"http:\/\/www.w3.org\/2000\/svg\" viewbox=\"0 0 24 24\" width=\"24\" height=\"24\" aria-hidden=\"true\" focusable=\"false\"><path d=\"m13.06 12 6.47-6.47-1.06-1.06L12 10.94 5.53 4.47 4.47 5.53 10.94 12l-6.47 6.47 1.06 1.06L12 13.06l6.47 6.47 1.06-1.06L13.06 12Z\"><\/path><\/svg><\/button>\n\t\t\t\t\t\t\t<div class=\"wp-block-navigation__responsive-container-content\" \n\t\t\t\tdata-wp-watch=\"callbacks.focusFirstElement\"\n\t\t\t id=\"modal-1-content\">\n\t\t\t\t\t\t\t\t\n\t\t\t\t\t\t\t<\/div>\n\t\t\t\t\t\t<\/div>\n\t\t\t\t\t<\/div>\n\t\t\t\t<\/div><\/nav><\/div>\n<\/div><\/div>\n\n\n\n<div class=\"wp-block-columns is-layout-flex wp-container-core-columns-is-layout-28f84493 wp-block-columns-is-layout-flex\">\n<div class=\"wp-block-column is-layout-flow wp-block-column-is-layout-flow\">\n<p><\/p>\n<\/div>\n<\/div>\n\n\n\n<div class=\"wp-block-columns is-layout-flex wp-container-core-columns-is-layout-28f84493 wp-block-columns-is-layout-flex\">\n<div class=\"wp-block-column is-layout-flow wp-block-column-is-layout-flow\" style=\"flex-basis:5%\"><\/div>\n\n\n\n<div class=\"wp-block-column is-layout-flow wp-block-column-is-layout-flow\">\n<div class=\"wp-block-group is-vertical is-layout-flex wp-container-core-group-is-layout-4b827052 wp-block-group-is-layout-flex\">\n<h5 class=\"wp-block-heading has-large-font-size\"><a href=\"https:\/\/epiurb.leauc.iau.usp.br\/es\/contato\/\" data-type=\"page\" data-id=\"158\"><strong>Contacto<\/strong><\/a><\/h5>\n\n\n\n<p>Caixa de Email relacionada ao projeto EPIURB: <strong>leauc_usp@usp.br<\/strong><\/p>\n\n\n\n<p class=\"has-small-font-size\">O tempo de resposta pode variar de acordo com o calend\u00e1rio de atividades.<\/p>\n\n\n\n<p>Em caso de d\u00favidas, consulte nossa&nbsp;<a href=\"https:\/\/epiurb.leauc.iau.usp.br\/es\/quemsomos\/\" data-type=\"link\" data-id=\"https:\/\/epiurb.leauc.iau.usp.br\/quemsomos\/\">equipe!<\/a><\/p>\n<\/div>\n\n\n\n<div class=\"wp-block-group is-vertical is-layout-flex wp-container-core-group-is-layout-fe9cc265 wp-block-group-is-layout-flex\">\n<div class=\"wp-block-group is-vertical is-layout-flex wp-container-core-group-is-layout-fe9cc265 wp-block-group-is-layout-flex\">\n<div class=\"wp-block-group is-vertical is-layout-flex wp-container-core-group-is-layout-fe9cc265 wp-block-group-is-layout-flex\">\n<div class=\"wp-block-group is-vertical is-layout-flex wp-container-core-group-is-layout-fe9cc265 wp-block-group-is-layout-flex\">\n<div class=\"wp-block-columns is-layout-flex wp-container-core-columns-is-layout-28f84493 wp-block-columns-is-layout-flex\">\n<div class=\"wp-block-column is-layout-flow wp-block-column-is-layout-flow\" style=\"flex-basis:90%\">\n<div class=\"wp-block-group is-vertical is-layout-flex wp-container-core-group-is-layout-4b827052 wp-block-group-is-layout-flex\">\n<div class=\"wp-block-group is-vertical is-layout-flex wp-container-core-group-is-layout-3a19b9da wp-block-group-is-layout-flex\" style=\"margin-top:0;margin-bottom:0\">\n<div class=\"wp-block-columns is-layout-flex wp-container-core-columns-is-layout-28f84493 wp-block-columns-is-layout-flex\">\n<div class=\"wp-block-column is-layout-flow wp-block-column-is-layout-flow\" style=\"flex-basis:98%\">\n<h5 class=\"wp-block-heading has-medium-font-size\"><strong><strong>INSTITUI\u00c7\u00d5ES PARTICIPANTES<\/strong><\/strong><\/h5>\n\n\n\n<div class=\"wp-block-group is-vertical is-layout-flex wp-container-core-group-is-layout-4b827052 wp-block-group-is-layout-flex\">\n<p class=\"has-text-color has-link-color wp-elements-d280c74b7d007b932dd15398917ea369\" style=\"color:#b89c5f;font-size:12px;font-style:normal;font-weight:300\"><a href=\"https:\/\/www5.usp.br\/\" data-type=\"link\" data-id=\"https:\/\/www5.usp.br\/\">Universidade de S\u00e3o Paulo (USP)<\/a><\/p>\n\n\n\n<p class=\"has-text-color has-link-color wp-elements-a44cc80f0aab532c29243dd0ec3b21c5\" style=\"color:#b89c5f;font-size:12px;font-style:normal;font-weight:300\"><a href=\"https:\/\/www.iau.usp.br\/\" data-type=\"link\" data-id=\"https:\/\/www.iau.usp.br\/\">Instituto de Arquitetura e Urbanismo &#8211; Universidade de S\u00e3o Paulo (IAU-USP)<\/a><\/p>\n\n\n\n<p class=\"has-text-color has-link-color wp-elements-2ff5a718033c348b17777a8d24c59fe2\" style=\"color:#b89c5f;font-size:12px;font-style:normal;font-weight:300\"><a href=\"https:\/\/www.ib.usp.br\/\" data-type=\"link\" data-id=\"https:\/\/www.ib.usp.br\/\">Instituto de Bioci\u00eancias &#8211; Universidade de S\u00e3o Paulo (IB-USP)<\/a><\/p>\n\n\n\n<p class=\"has-text-color has-link-color wp-elements-60ad9506a9493bef7e4e8f42b257fcef\" style=\"color:#b89c5f;font-size:12px;font-style:normal;font-weight:300\"><a href=\"https:\/\/etsa.us.es\/\" data-type=\"link\" data-id=\"https:\/\/etsa.us.es\/\">Escuela T\u00e9cnica Superior de Arquitectura &#8211; Universidad de Sevilla (US-ETSA)<\/a><\/p>\n\n\n\n<p class=\"has-text-color has-link-color wp-elements-287dcc8a4a4fb97f810019645010a757\" style=\"color:#b89c5f;font-size:12px;font-style:normal;font-weight:300\"><a href=\"https:\/\/www.fadu.unl.edu.ar\/fadu\/\" data-type=\"link\" data-id=\"https:\/\/www.fadu.unl.edu.ar\/fadu\/\">Facultad de Arquitectura, Dise\u00f1o y Urbanismo &#8211; Universidad Nacional del Litoral (UNL-FADU)<\/a><\/p>\n\n\n\n<p class=\"has-text-color has-link-color wp-elements-62054c90512d8feec8776de2c2ce8b25\" style=\"color:#b89c5f;font-size:12px;font-style:normal;font-weight:300\"><a href=\"https:\/\/uniube.br\/curso\/presencial\/graduacao\/arquitetura-e-urbanismo-noturno\" data-type=\"link\" data-id=\"https:\/\/uniube.br\/curso\/presencial\/graduacao\/arquitetura-e-urbanismo-noturno\">Faculdade de Arquitetura e Urbanismo &#8211; Universidade de Uberaba (UNIUBE)<\/a><\/p>\n\n\n\n<p class=\"has-text-color has-link-color wp-elements-a8e5a3eaebdf16715afcdd8d4993b300\" style=\"color:#b89c5f;font-size:12px;font-style:normal;font-weight:300\"><a href=\"https:\/\/fau.unb.br\/\" data-type=\"link\" data-id=\"https:\/\/fau.unb.br\/\">Faculdade de Arquitetura e Urbanismo &#8211; Universidade de Bras\u00edlia (FAU-UNB)<\/a><\/p>\n<\/div>\n<\/div>\n<\/div>\n\n\n\n<div class=\"wp-block-group is-vertical is-layout-flex wp-container-core-group-is-layout-4b827052 wp-block-group-is-layout-flex\">\n<div class=\"wp-block-columns is-layout-flex wp-container-core-columns-is-layout-28f84493 wp-block-columns-is-layout-flex\">\n<div class=\"wp-block-column is-layout-flow wp-block-column-is-layout-flow\">\n<figure class=\"wp-block-image size-full is-resized\"><img loading=\"lazy\" decoding=\"async\" width=\"2000\" height=\"200\" src=\"https:\/\/epiurb.leauc.iau.usp.br\/wp-content\/uploads\/2026\/01\/logos-2000-x-200-px.png\" alt=\"\" class=\"wp-image-2253\" style=\"aspect-ratio:10.001578531965272;object-fit:contain;width:200px;height:auto\" srcset=\"https:\/\/epiurb.leauc.iau.usp.br\/wp-content\/uploads\/2026\/01\/logos-2000-x-200-px.png 2000w, https:\/\/epiurb.leauc.iau.usp.br\/wp-content\/uploads\/2026\/01\/logos-2000-x-200-px-300x30.png 300w, https:\/\/epiurb.leauc.iau.usp.br\/wp-content\/uploads\/2026\/01\/logos-2000-x-200-px-1024x102.png 1024w, https:\/\/epiurb.leauc.iau.usp.br\/wp-content\/uploads\/2026\/01\/logos-2000-x-200-px-768x77.png 768w, https:\/\/epiurb.leauc.iau.usp.br\/wp-content\/uploads\/2026\/01\/logos-2000-x-200-px-1536x154.png 1536w, https:\/\/epiurb.leauc.iau.usp.br\/wp-content\/uploads\/2026\/01\/logos-2000-x-200-px-1140x114.png 1140w\" sizes=\"auto, (max-width: 2000px) 100vw, 2000px\" \/><\/figure>\n\n\n\n<h5 class=\"wp-block-heading has-medium-font-size\"><strong><strong>APOIO<\/strong><\/strong><\/h5>\n\n\n\n<div class=\"wp-block-group is-vertical is-layout-flex wp-container-core-group-is-layout-fe9cc265 wp-block-group-is-layout-flex\">\n<div class=\"wp-block-group is-vertical is-layout-flex wp-container-core-group-is-layout-fe9cc265 wp-block-group-is-layout-flex\">\n<div class=\"wp-block-group is-vertical is-layout-flex wp-container-core-group-is-layout-fe9cc265 wp-block-group-is-layout-flex\">\n<div class=\"wp-block-group is-vertical is-layout-flex wp-container-core-group-is-layout-4b827052 wp-block-group-is-layout-flex\">\n<p class=\"has-text-color has-link-color wp-elements-d280c74b7d007b932dd15398917ea369\" style=\"color:#b89c5f;font-size:12px;font-style:normal;font-weight:300\"><a href=\"https:\/\/www5.usp.br\/\" data-type=\"link\" data-id=\"https:\/\/www5.usp.br\/\">Universidade de S\u00e3o Paulo (USP)<\/a><\/p>\n\n\n\n<p class=\"has-text-color has-link-color wp-elements-a44cc80f0aab532c29243dd0ec3b21c5\" style=\"color:#b89c5f;font-size:12px;font-style:normal;font-weight:300\"><a href=\"https:\/\/www.iau.usp.br\/\" data-type=\"link\" data-id=\"https:\/\/www.iau.usp.br\/\">Instituto de Arquitetura e Urbanismo &#8211; Universidade de S\u00e3o Paulo (IAU-USP)<\/a><\/p>\n\n\n\n<p class=\"has-text-color has-link-color wp-elements-2296097986fd3d7930214173b81eca47\" style=\"color:#b89c5f;font-size:12px;font-style:normal;font-weight:300\"><a href=\"https:\/\/etsa.us.es\/\" data-type=\"link\" data-id=\"https:\/\/etsa.us.es\/\">Escuela T\u00e9cnica Superior de Arquitectura &#8211; Universidad de Sevilla (US-ETSA)<\/a><\/p>\n\n\n\n<p class=\"has-text-color has-link-color wp-elements-287dcc8a4a4fb97f810019645010a757\" style=\"color:#b89c5f;font-size:12px;font-style:normal;font-weight:300\"><a href=\"https:\/\/www.fadu.unl.edu.ar\/fadu\/\" data-type=\"link\" data-id=\"https:\/\/www.fadu.unl.edu.ar\/fadu\/\">Facultad de Arquitectura, Dise\u00f1o y Urbanismo &#8211; Universidad Nacional del Litoral (UNL-FADU)<\/a><\/p>\n\n\n\n<figure class=\"wp-block-image size-full is-resized\"><img loading=\"lazy\" decoding=\"async\" width=\"1000\" height=\"200\" src=\"https:\/\/epiurb.leauc.iau.usp.br\/wp-content\/uploads\/2026\/01\/logos-2000-x-200-px-1.png\" alt=\"\" class=\"wp-image-2256\" style=\"aspect-ratio:5.000580495356037;width:107px;height:auto\" srcset=\"https:\/\/epiurb.leauc.iau.usp.br\/wp-content\/uploads\/2026\/01\/logos-2000-x-200-px-1.png 1000w, https:\/\/epiurb.leauc.iau.usp.br\/wp-content\/uploads\/2026\/01\/logos-2000-x-200-px-1-300x60.png 300w, https:\/\/epiurb.leauc.iau.usp.br\/wp-content\/uploads\/2026\/01\/logos-2000-x-200-px-1-768x154.png 768w\" sizes=\"auto, (max-width: 1000px) 100vw, 1000px\" \/><\/figure>\n<\/div>\n<\/div>\n<\/div>\n<\/div>\n\n\n\n<h5 class=\"wp-block-heading has-medium-font-size\"><strong><strong>FINANCIAMENTO<\/strong><\/strong><\/h5>\n\n\n\n<div class=\"wp-block-group is-vertical is-layout-flex wp-container-core-group-is-layout-2d729e81 wp-block-group-is-layout-flex\">\n<div class=\"wp-block-group is-vertical is-layout-flex wp-container-core-group-is-layout-fe9cc265 wp-block-group-is-layout-flex\">\n<div class=\"wp-block-group is-nowrap is-layout-flex wp-container-core-group-is-layout-6c531013 wp-block-group-is-layout-flex\">\n<p class=\"has-text-color has-link-color wp-elements-6d0ecfa15458c11be75d68a577e1edcf\" style=\"color:#b89c5f;font-size:12px\"><a href=\"https:\/\/www.gov.br\/cnpq\/pt-br\" data-type=\"link\" data-id=\"https:\/\/etsa.us.es\/\">Conselho Nacional de Desenvolvimento Cient\u00edfico e Tecnol\u00f3gico &#8211; CNPQ<\/a><\/p>\n\n\n\n<figure class=\"wp-block-image is-resized has-custom-border\" style=\"margin-top:0;margin-right:0;margin-bottom:0;margin-left:0\"><a href=\"http:\/\/www.gov.br\/cnpq\/pt-br\"><img decoding=\"async\" src=\"https:\/\/logodownload.org\/wp-content\/uploads\/2016\/10\/cnpq-logo.png\" alt=\"CNPq Logo \u2013 PNG e Vetor \u2013 Download de Logo\" style=\"border-style:none;border-width:0px;aspect-ratio:2.3408514492753625;width:47px;height:auto\"\/><\/a><\/figure>\n<\/div>\n<\/div>\n<\/div>\n<\/div>\n<\/div>\n<\/div>\n<\/div>\n\n\n\n<p style=\"font-size:12px\"><\/p>\n\n\n\n<p><\/p>\n<\/div>\n<\/div>\n<\/div>\n<\/div>\n<\/div>\n<\/div>\n<\/div>\n\n\n\n<p><\/p>\n<\/div>\n\n\n\n<div class=\"wp-block-column is-layout-flow wp-block-column-is-layout-flow\"><\/div>\n<\/div>\n\n\n\n<h2 class=\"wp-block-heading\"><\/h2>\n\n\n\n<div class=\"wp-block-cover alignfull is-light\" style=\"padding-top:4vw;padding-right:4vw;padding-bottom:4vw;padding-left:4vw;min-height:186px;aspect-ratio:unset;\"><span aria-hidden=\"true\" class=\"wp-block-cover__background has-background-dim-10 has-background-dim has-background-gradient has-very-light-gray-to-cyan-bluish-gray-gradient-background\"><\/span><div class=\"wp-block-cover__inner-container is-layout-flow wp-block-cover-is-layout-flow\">\n<div class=\"wp-block-group is-content-justification-center is-nowrap is-layout-flex wp-container-core-group-is-layout-caafac71 wp-block-group-is-layout-flex\">\n<figure class=\"wp-block-image size-full\"><img loading=\"lazy\" decoding=\"async\" width=\"1200\" height=\"300\" src=\"https:\/\/epiurb.leauc.iau.usp.br\/wp-content\/uploads\/2026\/05\/logos-21.png\" alt=\"\" class=\"wp-image-6425\" srcset=\"https:\/\/epiurb.leauc.iau.usp.br\/wp-content\/uploads\/2026\/05\/logos-21.png 1200w, https:\/\/epiurb.leauc.iau.usp.br\/wp-content\/uploads\/2026\/05\/logos-21-300x75.png 300w, https:\/\/epiurb.leauc.iau.usp.br\/wp-content\/uploads\/2026\/05\/logos-21-1024x256.png 1024w, https:\/\/epiurb.leauc.iau.usp.br\/wp-content\/uploads\/2026\/05\/logos-21-768x192.png 768w, https:\/\/epiurb.leauc.iau.usp.br\/wp-content\/uploads\/2026\/05\/logos-21-1140x285.png 1140w\" sizes=\"auto, (max-width: 1200px) 100vw, 1200px\" \/><\/figure>\n\n\n\n<figure class=\"wp-block-image size-large\"><img loading=\"lazy\" decoding=\"async\" width=\"1024\" height=\"256\" src=\"https:\/\/epiurb.leauc.iau.usp.br\/wp-content\/uploads\/2026\/05\/logos-25-1024x256.png\" alt=\"\" class=\"wp-image-6429\" srcset=\"https:\/\/epiurb.leauc.iau.usp.br\/wp-content\/uploads\/2026\/05\/logos-25-1024x256.png 1024w, https:\/\/epiurb.leauc.iau.usp.br\/wp-content\/uploads\/2026\/05\/logos-25-300x75.png 300w, https:\/\/epiurb.leauc.iau.usp.br\/wp-content\/uploads\/2026\/05\/logos-25-768x192.png 768w, https:\/\/epiurb.leauc.iau.usp.br\/wp-content\/uploads\/2026\/05\/logos-25-1140x285.png 1140w, https:\/\/epiurb.leauc.iau.usp.br\/wp-content\/uploads\/2026\/05\/logos-25.png 1200w\" sizes=\"auto, (max-width: 1024px) 100vw, 1024px\" \/><\/figure>\n\n\n\n<figure class=\"wp-block-image size-full\"><img loading=\"lazy\" decoding=\"async\" width=\"1200\" height=\"300\" src=\"https:\/\/epiurb.leauc.iau.usp.br\/wp-content\/uploads\/2026\/05\/logos-22.png\" alt=\"\" class=\"wp-image-6424\" srcset=\"https:\/\/epiurb.leauc.iau.usp.br\/wp-content\/uploads\/2026\/05\/logos-22.png 1200w, https:\/\/epiurb.leauc.iau.usp.br\/wp-content\/uploads\/2026\/05\/logos-22-300x75.png 300w, https:\/\/epiurb.leauc.iau.usp.br\/wp-content\/uploads\/2026\/05\/logos-22-1024x256.png 1024w, https:\/\/epiurb.leauc.iau.usp.br\/wp-content\/uploads\/2026\/05\/logos-22-768x192.png 768w, https:\/\/epiurb.leauc.iau.usp.br\/wp-content\/uploads\/2026\/05\/logos-22-1140x285.png 1140w\" sizes=\"auto, (max-width: 1200px) 100vw, 1200px\" \/><\/figure>\n<\/div>\n<\/div><\/div>","protected":false},"excerpt":{"rendered":"<p>Contato Caixa de Email relacionada ao projeto EPIURB: leauc_usp@usp.br O tempo de resposta pode variar de acordo com o calend\u00e1rio de atividades. Em caso de d\u00favidas, consulte nossa&nbsp;equipe! INSTITUI\u00c7\u00d5ES PARTICIPANTES Universidade de S\u00e3o Paulo (USP) Instituto de Arquitetura e Urbanismo &#8211; Universidade de S\u00e3o Paulo (IAU-USP) Instituto de Bioci\u00eancias &#8211; Universidade de S\u00e3o Paulo (IB-USP) Escuela T\u00e9cnica Superior de Arquitectura &#8211; Universidad de Sevilla (US-ETSA) Facultad de Arquitectura, Dise\u00f1o y Urbanismo &#8211; Universidad Nacional del Litoral (UNL-FADU) Faculdade de Arquitetura e Urbanismo &#8211; Universidade de Uberaba (UNIUBE) Faculdade de Arquitetura e Urbanismo &#8211; Universidade de Bras\u00edlia (FAU-UNB) APOIO Universidade de S\u00e3o Paulo (USP) Instituto de Arquitetura e Urbanismo &#8211; Universidade de S\u00e3o Paulo (IAU-USP) Escuela T\u00e9cnica Superior de Arquitectura &#8211; Universidad de Sevilla (US-ETSA) Facultad de Arquitectura, Dise\u00f1o y Urbanismo &#8211; Universidad Nacional del Litoral (UNL-FADU) FINANCIAMENTO Conselho Nacional de Desenvolvimento Cient\u00edfico e Tecnol\u00f3gico &#8211; CNPQ<\/p>","protected":false},"author":2,"featured_media":0,"parent":0,"menu_order":0,"comment_status":"closed","ping_status":"closed","template":"","meta":{"_monsterinsights_skip_tracking":false,"_monsterinsights_sitenote_active":false,"_monsterinsights_sitenote_note":"","_monsterinsights_sitenote_category":0,"footnotes":""},"class_list":["post-158","page","type-page","status-publish","hentry"],"_links":{"self":[{"href":"https:\/\/epiurb.leauc.iau.usp.br\/es\/wp-json\/wp\/v2\/pages\/158","targetHints":{"allow":["GET"]}}],"collection":[{"href":"https:\/\/epiurb.leauc.iau.usp.br\/es\/wp-json\/wp\/v2\/pages"}],"about":[{"href":"https:\/\/epiurb.leauc.iau.usp.br\/es\/wp-json\/wp\/v2\/types\/page"}],"author":[{"embeddable":true,"href":"https:\/\/epiurb.leauc.iau.usp.br\/es\/wp-json\/wp\/v2\/users\/2"}],"replies":[{"embeddable":true,"href":"https:\/\/epiurb.leauc.iau.usp.br\/es\/wp-json\/wp\/v2\/comments?post=158"}],"version-history":[{"count":76,"href":"https:\/\/epiurb.leauc.iau.usp.br\/es\/wp-json\/wp\/v2\/pages\/158\/revisions"}],"predecessor-version":[{"id":6445,"href":"https:\/\/epiurb.leauc.iau.usp.br\/es\/wp-json\/wp\/v2\/pages\/158\/revisions\/6445"}],"wp:attachment":[{"href":"https:\/\/epiurb.leauc.iau.usp.br\/es\/wp-json\/wp\/v2\/media?parent=158"}],"curies":[{"name":"wp","href":"https:\/\/api.w.org\/{rel}","templated":true}]}}